{"id":4255,"date":"2019-07-01T08:44:20","date_gmt":"2019-07-01T06:44:20","guid":{"rendered":"http:\/\/www.hotellosciroccoisoladelba.it\/servizi\/"},"modified":"2025-05-12T12:18:34","modified_gmt":"2025-05-12T10:18:34","slug":"services","status":"publish","type":"page","link":"https:\/\/www.hotellosciroccoisoladelba.it\/fr\/services\/","title":{"rendered":"Services"},"content":{"rendered":"<div id=\"pl-4255\"  class=\"panel-layout\" ><div id=\"pg-4255-0\"  class=\"panel-grid panel-no-style\" ><div id=\"pgc-4255-0-0\"  class=\"panel-grid-cell\" ><div id=\"panel-4255-0-0-0\" class=\"so-panel widget widget_heading panel-first-child\" data-index=\"0\" ><div class=\"thim-widget-heading thim-widget-heading-base template-base\"><div class=\"sc-heading article_heading wrapper-line-heading\"><h3 class=\"heading__primary\">Nos services<\/h3><span class=\"line-heading\"><\/span><\/div><\/div><\/div><div id=\"panel-4255-0-0-1\" class=\"so-panel widget widget_empty-space\" data-index=\"1\" ><div class=\"thim-widget-empty-space thim-widget-empty-space-base template-base\"><div class=\"empty_space\" style=\"height:30px\"><\/div><\/div><\/div><div id=\"panel-4255-0-0-2\" class=\"so-panel widget widget_sow-editor\" data-index=\"2\" ><div\n\t\t\t\n\t\t\tclass=\"so-widget-sow-editor so-widget-sow-editor-base\"\n\t\t\t\n\t\t>\n<div class=\"siteorigin-widget-tinymce textwidget\">\n\t<p>L'H\u00f4tel Lo Scirocco est \u00e0 votre enti\u00e8re disposition pour vous faire passer des vacances inoubliables \u00e0 l\u2019Ile d\u2019Elbe. Notre structure h\u00f4teli\u00e8re met tous ses services \u00e0 disposition des clients pour leur offrir un s\u00e9jour en h\u00f4tel \u00e0 l\u2019Ile d\u2019Elbe agr\u00e9able.<\/p>\n<\/div>\n<\/div><\/div><div id=\"panel-4255-0-0-3\" class=\"so-panel widget widget_sow-editor panel-last-child\" data-index=\"3\" ><div\n\t\t\t\n\t\t\tclass=\"so-widget-sow-editor so-widget-sow-editor-base\"\n\t\t\t\n\t\t>\n<div class=\"siteorigin-widget-tinymce textwidget\">\n\t<p>L'h\u00f4tel dispose d\u2019un parking priv\u00e9 couvert gratuit, un hangar \u00e0 v\u00e9lo, un service internet gratuit en Wifi, un jardin \u00e9quip\u00e9 de bar et salle de r\u00e9union, un bar solarium et une aire de jeux pour les enfants.<\/p>\n<\/div>\n<\/div><\/div><\/div><\/div><div id=\"pg-4255-1\"  class=\"panel-grid panel-no-style\" ><div id=\"pgc-4255-1-0\"  class=\"panel-grid-cell\" ><div id=\"panel-4255-1-0-0\" class=\"so-panel widget widget_sow-image panel-first-child panel-last-child\" data-index=\"4\" ><div\n\t\t\t\n\t\t\tclass=\"so-widget-sow-image so-widget-sow-image-default-8b5b6f678277-4255\"\n\t\t\t\n\t\t>\n<div class=\"sow-image-container\">\n\t\t<img \n\tsrc=\"https:\/\/www.hotellosciroccoisoladelba.it\/wp-content\/uploads\/2019\/11\/mg_1713_8223272739_o.jpg\" width=\"900\" height=\"600\" srcset=\"https:\/\/www.hotellosciroccoisoladelba.it\/wp-content\/uploads\/2019\/11\/mg_1713_8223272739_o.jpg 900w, https:\/\/www.hotellosciroccoisoladelba.it\/wp-content\/uploads\/2019\/11\/mg_1713_8223272739_o-300x200.jpg 300w, https:\/\/www.hotellosciroccoisoladelba.it\/wp-content\/uploads\/2019\/11\/mg_1713_8223272739_o-768x512.jpg 768w, https:\/\/www.hotellosciroccoisoladelba.it\/wp-content\/uploads\/2019\/11\/mg_1713_8223272739_o-272x182.jpg 272w\" sizes=\"(max-width: 900px) 100vw, 900px\" title=\"_mg_1713_8223272739_o\" alt=\"\" \t\tclass=\"so-widget-image\"\/>\n\t<\/div>\n\n<\/div><\/div><\/div><div id=\"pgc-4255-1-1\"  class=\"panel-grid-cell\" ><div id=\"panel-4255-1-1-0\" class=\"so-panel widget widget_sow-image panel-first-child panel-last-child\" data-index=\"5\" ><div\n\t\t\t\n\t\t\tclass=\"so-widget-sow-image so-widget-sow-image-default-8b5b6f678277-4255\"\n\t\t\t\n\t\t>\n<div class=\"sow-image-container\">\n\t\t<img \n\tsrc=\"https:\/\/www.hotellosciroccoisoladelba.it\/wp-content\/uploads\/2019\/11\/img_2289_8223242655_o.jpg\" width=\"900\" height=\"600\" srcset=\"https:\/\/www.hotellosciroccoisoladelba.it\/wp-content\/uploads\/2019\/11\/img_2289_8223242655_o.jpg 900w, https:\/\/www.hotellosciroccoisoladelba.it\/wp-content\/uploads\/2019\/11\/img_2289_8223242655_o-300x200.jpg 300w, https:\/\/www.hotellosciroccoisoladelba.it\/wp-content\/uploads\/2019\/11\/img_2289_8223242655_o-768x512.jpg 768w, https:\/\/www.hotellosciroccoisoladelba.it\/wp-content\/uploads\/2019\/11\/img_2289_8223242655_o-272x182.jpg 272w\" sizes=\"(max-width: 900px) 100vw, 900px\" alt=\"\" \t\tclass=\"so-widget-image\"\/>\n\t<\/div>\n\n<\/div><\/div><\/div><\/div><div id=\"pg-4255-2\"  class=\"panel-grid panel-no-style\" ><div id=\"pgc-4255-2-0\"  class=\"panel-grid-cell\" ><div id=\"panel-4255-2-0-0\" class=\"so-panel widget widget_sow-editor panel-first-child\" data-index=\"6\" ><div\n\t\t\t\n\t\t\tclass=\"so-widget-sow-editor so-widget-sow-editor-base\"\n\t\t\t\n\t\t>\n<div class=\"siteorigin-widget-tinymce textwidget\">\n\t<p>Nos chambres ont dot\u00e9es de Tv Satellitaire, air climatis\u00e9 ind\u00e9pendant, coffre-fort, t\u00e9l\u00e9phone direct, connexion internet en wifi gratuite.<\/p>\n<\/div>\n<\/div><\/div><div id=\"panel-4255-2-0-1\" class=\"so-panel widget widget_sow-editor\" data-index=\"7\" ><div\n\t\t\t\n\t\t\tclass=\"so-widget-sow-editor so-widget-sow-editor-base\"\n\t\t\t\n\t\t>\n<div class=\"siteorigin-widget-tinymce textwidget\">\n\t<p>L'H\u00f4tel Lo Scirocco est conventionn\u00e9 avec des \u00e9tablissements baln\u00e9aires et fournisseurs de services de plage divers. Pour les amateurs d\u2019aventures et de sport \u00e0 l\u2019air libre, des formules personnalis\u00e9es et des conventions sp\u00e9ciales vous attendent pour vous faire d\u00e9couvrir les merveilles de notre territoire, \u00e0 travers une excursion avec guide dans le Parc National de l\u2019Archipel Toscan ou bien une visite de l\u2019\u00eele de Pianosa.<\/p>\n<\/div>\n<\/div><\/div><div id=\"panel-4255-2-0-2\" class=\"so-panel widget widget_sow-editor panel-last-child\" data-index=\"8\" ><div\n\t\t\t\n\t\t\tclass=\"so-widget-sow-editor so-widget-sow-editor-base\"\n\t\t\t\n\t\t>\n<div class=\"siteorigin-widget-tinymce textwidget\">\n\t<p>Pour toutes demandes particuli\u00e8res, nous vous invitons \u00e0 nous contacter et nous ferons le maximum pour satisfaire vos envies.<\/p>\n<\/div>\n<\/div><\/div><\/div><\/div><div id=\"pg-4255-3\"  class=\"panel-grid panel-no-style\" ><div id=\"pgc-4255-3-0\"  class=\"panel-grid-cell\" ><div id=\"panel-4255-3-0-0\" class=\"so-panel widget widget_sow-image panel-first-child panel-last-child\" data-index=\"9\" ><div\n\t\t\t\n\t\t\tclass=\"so-widget-sow-image so-widget-sow-image-default-8b5b6f678277-4255\"\n\t\t\t\n\t\t>\n<div class=\"sow-image-container\">\n\t\t<img \n\tsrc=\"https:\/\/www.hotellosciroccoisoladelba.it\/wp-content\/uploads\/2019\/11\/img_2284_8224319296_o.jpg\" width=\"900\" height=\"600\" srcset=\"https:\/\/www.hotellosciroccoisoladelba.it\/wp-content\/uploads\/2019\/11\/img_2284_8224319296_o.jpg 900w, https:\/\/www.hotellosciroccoisoladelba.it\/wp-content\/uploads\/2019\/11\/img_2284_8224319296_o-300x200.jpg 300w, https:\/\/www.hotellosciroccoisoladelba.it\/wp-content\/uploads\/2019\/11\/img_2284_8224319296_o-768x512.jpg 768w, https:\/\/www.hotellosciroccoisoladelba.it\/wp-content\/uploads\/2019\/11\/img_2284_8224319296_o-272x182.jpg 272w\" sizes=\"(max-width: 900px) 100vw, 900px\" alt=\"\" \t\tclass=\"so-widget-image\"\/>\n\t<\/div>\n\n<\/div><\/div><\/div><div id=\"pgc-4255-3-1\"  class=\"panel-grid-cell\" ><div id=\"panel-4255-3-1-0\" class=\"so-panel widget widget_sow-image panel-first-child panel-last-child\" data-index=\"10\" ><div\n\t\t\t\n\t\t\tclass=\"so-widget-sow-image so-widget-sow-image-default-8b5b6f678277-4255\"\n\t\t\t\n\t\t>\n<div class=\"sow-image-container\">\n\t\t<img \n\tsrc=\"https:\/\/www.hotellosciroccoisoladelba.it\/wp-content\/uploads\/2019\/11\/hotel_lo_scirocco-6.jpg\" width=\"1920\" height=\"1280\" srcset=\"https:\/\/www.hotellosciroccoisoladelba.it\/wp-content\/uploads\/2019\/11\/hotel_lo_scirocco-6.jpg 1920w, https:\/\/www.hotellosciroccoisoladelba.it\/wp-content\/uploads\/2019\/11\/hotel_lo_scirocco-6-300x200.jpg 300w, https:\/\/www.hotellosciroccoisoladelba.it\/wp-content\/uploads\/2019\/11\/hotel_lo_scirocco-6-768x512.jpg 768w, https:\/\/www.hotellosciroccoisoladelba.it\/wp-content\/uploads\/2019\/11\/hotel_lo_scirocco-6-1024x683.jpg 1024w, https:\/\/www.hotellosciroccoisoladelba.it\/wp-content\/uploads\/2019\/11\/hotel_lo_scirocco-6-272x182.jpg 272w\" sizes=\"(max-width: 1920px) 100vw, 1920px\" alt=\"\" \t\tclass=\"so-widget-image\"\/>\n\t<\/div>\n\n<\/div><\/div><\/div><\/div><div id=\"pg-4255-4\"  class=\"panel-grid panel-no-style\" ><div id=\"pgc-4255-4-0\"  class=\"panel-grid-cell\" ><div id=\"panel-4255-4-0-0\" class=\"so-panel widget widget_sow-image panel-first-child\" data-index=\"11\" ><div\n\t\t\t\n\t\t\tclass=\"so-widget-sow-image so-widget-sow-image-default-15be6fc1a39e-4255\"\n\t\t\t\n\t\t>\n<div class=\"sow-image-container\">\n\t\t<img \n\tsrc=\"https:\/\/www.hotellosciroccoisoladelba.it\/wp-content\/uploads\/2019\/07\/hotel.png\" width=\"64\" height=\"64\" sizes=\"(max-width: 64px) 100vw, 64px\" title=\"Services offerts par l\u2019H\u00f4tel\" alt=\"\" \t\tclass=\"so-widget-image\"\/>\n\t<\/div>\n\n<h3 class=\"widget-title\">Services offerts par l\u2019H\u00f4tel<\/h3><\/div><\/div><div id=\"panel-4255-4-0-1\" class=\"so-panel widget widget_sow-editor panel-last-child\" data-index=\"12\" ><div\n\t\t\t\n\t\t\tclass=\"so-widget-sow-editor so-widget-sow-editor-base\"\n\t\t\t\n\t\t>\n<div class=\"siteorigin-widget-tinymce textwidget\">\n\t<ul>\n<li>Parking priv\u00e9 couvert<\/li>\n<li>Hangar \u00e0 v\u00e9lo<\/li>\n<li>Bar Solarium<\/li>\n<li>Jardin \u00e9quip\u00e9 de bar (Garden Bar de juin \u00e0 ao\u00fbt)<\/li>\n<li>Sale de r\u00e9union pour organisation d\u2019\u00e9v\u00e8nements<\/li>\n<li>Terrasse Solarium<\/li>\n<li>Aire de jeux pour enfants<\/li>\n<li>Garde objets de valeur<\/li>\n<li>Ascenseur<\/li>\n<li>Borne Internet gratuite<\/li>\n<li>Cartes de cr\u00e9dit accept\u00e9es (Visa \u2013 Master Card \u2013 Carta Si \u2013 Pago Bancomat)<\/li>\n<li>Animaux admis sur demande<\/li>\n<li>R\u00e9servation travers\u00e9e en ferry<\/li>\n<\/ul>\n<\/div>\n<\/div><\/div><\/div><div id=\"pgc-4255-4-1\"  class=\"panel-grid-cell\" ><div id=\"panel-4255-4-1-0\" class=\"so-panel widget widget_sow-image panel-first-child\" data-index=\"13\" ><div\n\t\t\t\n\t\t\tclass=\"so-widget-sow-image so-widget-sow-image-default-15be6fc1a39e-4255\"\n\t\t\t\n\t\t>\n<div class=\"sow-image-container\">\n\t\t<img \n\tsrc=\"https:\/\/www.hotellosciroccoisoladelba.it\/wp-content\/uploads\/2019\/07\/bed.png\" width=\"64\" height=\"64\" sizes=\"(max-width: 64px) 100vw, 64px\" title=\"Services en Chambre\" alt=\"\" \t\tclass=\"so-widget-image\"\/>\n\t<\/div>\n\n<h3 class=\"widget-title\">Services en Chambre<\/h3><\/div><\/div><div id=\"panel-4255-4-1-1\" class=\"so-panel widget widget_sow-editor panel-last-child\" data-index=\"14\" ><div\n\t\t\t\n\t\t\tclass=\"so-widget-sow-editor so-widget-sow-editor-base\"\n\t\t\t\n\t\t>\n<div class=\"siteorigin-widget-tinymce textwidget\">\n\t<ul>\n<li>S\u00e8che-cheveux<\/li>\n<li>Tv Satellitaire<\/li>\n<li>Air Climatis\u00e9 autonome<\/li>\n<li>Chauffage<\/li>\n<li>T\u00e9l\u00e9phone direct<\/li>\n<li>Tv Lcd (Chambre Superior)<\/li>\n<li>Balcon\/Terrasse<\/li>\n<\/ul>\n<\/div>\n<\/div><\/div><\/div><div id=\"pgc-4255-4-2\"  class=\"panel-grid-cell\" ><div id=\"panel-4255-4-2-0\" class=\"so-panel widget widget_sow-image panel-first-child\" data-index=\"15\" ><div\n\t\t\t\n\t\t\tclass=\"so-widget-sow-image so-widget-sow-image-default-15be6fc1a39e-4255\"\n\t\t\t\n\t\t>\n<div class=\"sow-image-container\">\n\t\t<img \n\tsrc=\"https:\/\/www.hotellosciroccoisoladelba.it\/wp-content\/uploads\/2019\/07\/sun-umbrella.png\" width=\"64\" height=\"64\" sizes=\"(max-width: 64px) 100vw, 64px\" title=\"Conventions sp\u00e9ciales\" alt=\"\" \t\tclass=\"so-widget-image\"\/>\n\t<\/div>\n\n<h3 class=\"widget-title\">Conventions sp\u00e9ciales<\/h3><\/div><\/div><div id=\"panel-4255-4-2-1\" class=\"so-panel widget widget_sow-editor panel-last-child\" data-index=\"16\" ><div\n\t\t\t\n\t\t\tclass=\"so-widget-sow-editor so-widget-sow-editor-base\"\n\t\t\t\n\t\t>\n<div class=\"siteorigin-widget-tinymce textwidget\">\n\t<ul>\n<li>Plage de Fetovaia avec \u00e9tablissement baln\u00e9aire<\/li>\n<li>Plage de Cavoli avec \u00e9tablissement baln\u00e9aire<\/li>\n<li>Plage de Cavoli avec Self Service et Bar il Convio<\/li>\n<li>Convention guide de randonn\u00e9e sur le territoire du Parc National<\/li>\n<li>Excursions guid\u00e9es<\/li>\n<li>Sorties en bateau<\/li>\n<li>Centre de plong\u00e9e<\/li>\n<\/ul>\n<\/div>\n<\/div><\/div><\/div><\/div><\/div>","protected":false},"excerpt":{"rendered":"<p>L&rsquo;H\u00f4tel Lo Scirocco est \u00e0 votre enti\u00e8re disposition pour vous faire passer des vacances inoubliables \u00e0 l\u2019Ile d\u2019Elbe. Notre structure h\u00f4teli\u00e8re met tous ses services \u00e0 disposition des clients pour leur offrir un s\u00e9jour en h\u00f4tel \u00e0 l\u2019Ile d\u2019Elbe agr\u00e9able. L&rsquo;h\u00f4tel dispose d\u2019un parking priv\u00e9 couvert gratuit, un hangar \u00e0 v\u00e9lo, un service internet gratuit [&hellip;]<\/p>\n","protected":false},"author":2,"featured_media":0,"parent":0,"menu_order":0,"comment_status":"closed","ping_status":"closed","template":"","meta":{"footnotes":""},"class_list":["post-4255","page","type-page","status-publish","hentry"],"_links":{"self":[{"href":"https:\/\/www.hotellosciroccoisoladelba.it\/fr\/wp-json\/wp\/v2\/pages\/4255","targetHints":{"allow":["GET"]}}],"collection":[{"href":"https:\/\/www.hotellosciroccoisoladelba.it\/fr\/wp-json\/wp\/v2\/pages"}],"about":[{"href":"https:\/\/www.hotellosciroccoisoladelba.it\/fr\/wp-json\/wp\/v2\/types\/page"}],"author":[{"embeddable":true,"href":"https:\/\/www.hotellosciroccoisoladelba.it\/fr\/wp-json\/wp\/v2\/users\/2"}],"replies":[{"embeddable":true,"href":"https:\/\/www.hotellosciroccoisoladelba.it\/fr\/wp-json\/wp\/v2\/comments?post=4255"}],"version-history":[{"count":6,"href":"https:\/\/www.hotellosciroccoisoladelba.it\/fr\/wp-json\/wp\/v2\/pages\/4255\/revisions"}],"predecessor-version":[{"id":5030,"href":"https:\/\/www.hotellosciroccoisoladelba.it\/fr\/wp-json\/wp\/v2\/pages\/4255\/revisions\/5030"}],"wp:attachment":[{"href":"https:\/\/www.hotellosciroccoisoladelba.it\/fr\/wp-json\/wp\/v2\/media?parent=4255"}],"curies":[{"name":"wp","href":"https:\/\/api.w.org\/{rel}","templated":true}]}}