{"id":4240,"date":"2015-09-23T09:43:08","date_gmt":"2015-09-23T07:43:08","guid":{"rendered":"http:\/\/www.hotellosciroccoisoladelba.it\/home\/"},"modified":"2025-08-14T14:48:00","modified_gmt":"2025-08-14T12:48:00","slug":"home","status":"publish","type":"page","link":"https:\/\/www.hotellosciroccoisoladelba.it\/fr\/","title":{"rendered":"Home"},"content":{"rendered":"<div id=\"pl-4240\"  class=\"panel-layout\" ><div id=\"pg-4240-0\"  class=\"panel-grid panel-has-style\" ><div class=\"siteorigin-panels-stretch thim-fix-stretched panel-row-style panel-row-style-for-4240-0\" data-stretch-type=\"full-width-stretch\" ><div id=\"pgc-4240-0-0\"  class=\"panel-grid-cell\" ><div id=\"panel-4240-0-0-0\" class=\"so-panel widget widget_sow-editor panel-first-child panel-last-child\" data-index=\"0\" ><div\n\t\t\t\n\t\t\tclass=\"so-widget-sow-editor so-widget-sow-editor-base\"\n\t\t\t\n\t\t>\n<div class=\"siteorigin-widget-tinymce textwidget\">\n\t\n\t\t\t<!-- START Slider  Video 01 REVOLUTION SLIDER 6.7.35 --><p class=\"rs-p-wp-fix\"><\/p>\n\t\t\t<rs-module-wrap id=\"rev_slider_4_1_wrapper\" data-source=\"gallery\" style=\"visibility:hidden;background:transparent;padding:0;margin:0px auto;margin-top:0;margin-bottom:0;\">\n\t\t\t\t<rs-module id=\"rev_slider_4_1\" style=\"\" data-version=\"6.7.35\">\n\t\t\t\t\t<rs-slides style=\"overflow: hidden; position: absolute;\">\n\t\t\t\t\t\t<rs-slide style=\"position: absolute;\" data-key=\"rs-35\" data-title=\"Slide\" data-in=\"o:0;\" data-out=\"a:false;\">\n\t\t\t\t\t\t\t<img decoding=\"async\" src=\"\/\/www.hotellosciroccoisoladelba.it\/wp-content\/plugins\/revslider\/sr6\/assets\/assets\/dummy.png\" alt=\"Slide\" title=\"Home\" class=\"rev-slidebg tp-rs-img rs-lazyload\" data-lazyload=\"\/\/www.hotellosciroccoisoladelba.it\/wp-content\/plugins\/revslider\/sr6\/assets\/assets\/transparent.png\" data-no-retina>\n<!--\n\t\t\t\t\t\t\t--><rs-layer\n\t\t\t\t\t\t\t\tid=\"slider-4-slide-35-layer-0\" \n\t\t\t\t\t\t\t\tclass=\"rs-nolc rs-layer-video intrinsic-ignore\"\n\t\t\t\t\t\t\t\tdata-type=\"video\"\n\t\t\t\t\t\t\t\tdata-rsp_ch=\"on\"\n\t\t\t\t\t\t\t\tdata-xy=\"x:c;y:c;\"\n\t\t\t\t\t\t\t\tdata-text=\"w:normal;\"\n\t\t\t\t\t\t\t\tdata-dim=\"w:1920px;h:1080px;\"\n\t\t\t\t\t\t\t\tdata-video=\"vfc:true;vd:100;rwd:f;l:true;ptimer:false;nse:f;sav:f;afs:f;inl:f;\"\n\t\t\t\t\t\t\t\tdata-poster=\"\/\/www.hotellosciroccoisoladelba.it\/wp-content\/uploads\/revslider\/video-media\/Scirocco-2_02_35_layer.jpeg\"\n\t\t\t\t\t\t\t\tdata-mp4=\"\/\/www.hotellosciroccoisoladelba.it\/wp-content\/uploads\/2025\/05\/Scirocco-2_02.mp4\"\n\t\t\t\t\t\t\t\tdata-frame_999=\"o:0;st:w;\"\n\t\t\t\t\t\t\t\tstyle=\"z-index:5;\"\n\t\t\t\t\t\t\t>\n\t\t\t\t\t\t\t<\/rs-layer><!--\n-->\t\t\t\t\t<\/rs-slide>\n\t\t\t\t\t<\/rs-slides>\n\t\t\t\t\t<rs-static-layers><!--\n\n\t\t\t\t\t\t\t--><rs-layer\n\t\t\t\t\t\t\t\tid=\"slider-4-slide-4-layer-1\" \n\t\t\t\t\t\t\t\tclass=\"rs-layer-static\"\n\t\t\t\t\t\t\t\tdata-type=\"text\"\n\t\t\t\t\t\t\t\tdata-color=\"#ffffff\"\n\t\t\t\t\t\t\t\tdata-rsp_ch=\"on\"\n\t\t\t\t\t\t\t\tdata-xy=\"x:c;y:c;\"\n\t\t\t\t\t\t\t\tdata-text=\"w:normal;s:70;l:90;ls:1px;fw:700;a:center;\"\n\t\t\t\t\t\t\t\tdata-onslides=\"s:-1;e:-1;\"\n\t\t\t\t\t\t\t\tdata-frame_999=\"o:0;st:w;\"\n\t\t\t\t\t\t\t\tstyle=\"z-index:5;font-family:'Trebuchet MS', 'Helvetica', 'sans-serif';\"\n\t\t\t\t\t\t\t>HOTEL LO SCIROCCO \n\t\t\t\t\t\t\t<\/rs-layer><!--\n\t\t\t\t\t--><\/rs-static-layers>\n\t\t\t\t<\/rs-module>\n\t\t\t\t<script>\n\t\t\t\t\tsetREVStartSize({c: 'rev_slider_4_1',rl:[1240,1024,778,480],el:[900],gw:[1240],gh:[900],type:'hero',justify:'',layout:'fullwidth',mh:\"0\"});if (window.RS_MODULES!==undefined && window.RS_MODULES.modules!==undefined && window.RS_MODULES.modules[\"revslider41\"]!==undefined) {window.RS_MODULES.modules[\"revslider41\"].once = false;window.revapi4 = undefined;if (window.RS_MODULES.checkMinimal!==undefined) window.RS_MODULES.checkMinimal()}\n\t\t\t\t<\/script>\n\t\t\t<\/rs-module-wrap>\n\t\t\t<!-- END REVOLUTION SLIDER -->\n<\/div>\n<\/div><\/div><\/div><\/div><\/div><div id=\"pg-4240-1\"  class=\"panel-grid panel-has-style\" ><div class=\"panel-row-style panel-row-style-for-4240-1\" ><div id=\"pgc-4240-1-0\"  class=\"panel-grid-cell\" ><div id=\"panel-4240-1-0-0\" class=\"so-panel widget widget_icon-box panel-first-child panel-last-child\" data-index=\"1\" ><div class=\"thim-widget-icon-box thim-widget-icon-box-base template-base\"><div class=\"inner-box \"><div  class=\"wrapper-box-icon has_custom_image text-left  \" ><div class=\"smicon-box iconbox-top\"><div class=\"boxes-icon\" style=\"width: 370px;\"><span class=\"inner-icon\"><span class=\"icon icon-images\"><a class=\"smicon-box-link\" href=\"\/fr\/chambres\/\"><img loading=\"lazy\" decoding=\"async\" src=\"https:\/\/www.hotellosciroccoisoladelba.it\/wp-content\/uploads\/2019\/06\/hotel_lo_scirocco-14.jpg\" alt=\"hotel_lo_scirocco-14\" title=\"hotel_lo_scirocco-14\"  width=\"1920\" height=\"1280\"><\/a><\/span><\/span><\/div><div class=\"content-inner\" ><div class=\"sc-heading article_heading\"><h3 class = \"heading__primary\" ><a class=\"smicon-box-link\" href=\"\/fr\/chambres\/\">Les chambres<\/a><\/h3><\/div><div class=\"desc-icon-box\"><div >Les chambres de l'H\u00f4tel Scirocco se divisent en quatre cat\u00e9gories, Standard, avec vue sur mer, Comfort et Superior.<\/div><\/div><\/div><\/div><!--end smicon-box--><\/div><\/div><style>\n\t.smicon-read:hover{\n\t\tcolor: !important;\n\t\tbackground: !important;\n\t}\n\t.smicon-box .boxes-icon:hover{\n\t\tcolor: !important;\n\t\tborder-color: !important;\n\t\tbackground-color:  !important;\n\t}\n\t.smicon-box .boxes-icon:hover .icon i{\n\t\tcolor: !important;\n\t}\n<\/style><\/div><\/div><\/div><div id=\"pgc-4240-1-1\"  class=\"panel-grid-cell\" ><div id=\"panel-4240-1-1-0\" class=\"so-panel widget widget_icon-box panel-first-child panel-last-child\" data-index=\"2\" ><div class=\"thim-widget-icon-box thim-widget-icon-box-base template-base\"><div class=\"inner-box \"><div  class=\"wrapper-box-icon has_custom_image text-left  \" ><div class=\"smicon-box iconbox-top\"><div class=\"boxes-icon\" style=\"width: 370px;\"><span class=\"inner-icon\"><span class=\"icon icon-images\"><a class=\"smicon-box-link\" href=\"\/fr\/services\/\"><img loading=\"lazy\" decoding=\"async\" src=\"https:\/\/www.hotellosciroccoisoladelba.it\/wp-content\/uploads\/2019\/11\/img_2289_8223242655_o.jpg\" alt=\"img_2289_8223242655_o\" title=\"img_2289_8223242655_o\"  width=\"900\" height=\"600\"><\/a><\/span><\/span><\/div><div class=\"content-inner\" ><div class=\"sc-heading article_heading\"><h3 class = \"heading__primary\" ><a class=\"smicon-box-link\" href=\"\/fr\/services\/\">Les services<\/a><\/h3><\/div><div class=\"desc-icon-box\"><div >Notre structure h\u00f4teli\u00e8re met tous ses services \u00e0 disposition des clients pour leur offrir un s\u00e9jour en h\u00f4tel \u00e0 l\u2019Ile d\u2019Elbe agr\u00e9able.<\/div><\/div><\/div><\/div><!--end smicon-box--><\/div><\/div><style>\n\t.smicon-read:hover{\n\t\tcolor: !important;\n\t\tbackground: !important;\n\t}\n\t.smicon-box .boxes-icon:hover{\n\t\tcolor: !important;\n\t\tborder-color: !important;\n\t\tbackground-color:  !important;\n\t}\n\t.smicon-box .boxes-icon:hover .icon i{\n\t\tcolor: !important;\n\t}\n<\/style><\/div><\/div><\/div><div id=\"pgc-4240-1-2\"  class=\"panel-grid-cell\" ><div id=\"panel-4240-1-2-0\" class=\"so-panel widget widget_icon-box panel-first-child panel-last-child\" data-index=\"3\" ><div class=\"thim-widget-icon-box thim-widget-icon-box-base template-base\"><div class=\"inner-box \"><div  class=\"wrapper-box-icon has_custom_image text-left  \" ><div class=\"smicon-box iconbox-top\"><div class=\"boxes-icon\" style=\"width: 370px;\"><span class=\"inner-icon\"><span class=\"icon icon-images\"><a class=\"smicon-box-link\" href=\"\/fr\/fetovaia\/\"><img loading=\"lazy\" decoding=\"async\" src=\"https:\/\/www.hotellosciroccoisoladelba.it\/wp-content\/uploads\/2019\/10\/fetovaia_4.jpg\" alt=\"fetovaia_4\" title=\"fetovaia_4\"  width=\"1920\" height=\"1280\"><\/a><\/span><\/span><\/div><div class=\"content-inner\" ><div class=\"sc-heading article_heading\"><h3 class = \"heading__primary\" ><a class=\"smicon-box-link\" href=\"\/fr\/fetovaia\/\">La plage<\/a><\/h3><\/div><div class=\"desc-icon-box\"><div >Fetovaia est l\u2019une des plus belles plages d\u2019Italie et de loin la plus convoit\u00e9e et photographi\u00e9e des touristes qui chaque ann\u00e9e se rendent sur l\u2019Ile d\u2019Elbe. <\/div><\/div><\/div><\/div><!--end smicon-box--><\/div><\/div><style>\n\t.smicon-read:hover{\n\t\tcolor: !important;\n\t\tbackground: !important;\n\t}\n\t.smicon-box .boxes-icon:hover{\n\t\tcolor: !important;\n\t\tborder-color: !important;\n\t\tbackground-color:  !important;\n\t}\n\t.smicon-box .boxes-icon:hover .icon i{\n\t\tcolor: !important;\n\t}\n<\/style><\/div><\/div><\/div><\/div><\/div><div id=\"pg-4240-2\"  class=\"panel-grid panel-has-style\" ><div class=\"thim-booking-search-home-3 siteorigin-panels-stretch panel-row-style panel-row-style-for-4240-2\" data-stretch-type=\"full\" ><div id=\"pgc-4240-2-0\"  class=\"panel-grid-cell\" ><div id=\"panel-4240-2-0-0\" class=\"so-panel widget widget_heading panel-first-child\" data-index=\"4\" ><div class=\"thim-widget-heading thim-widget-heading-base template-base\"><div class=\"sc-heading article_heading wrapper-line-heading\"><h3 class=\"heading__primary\">R\u00e9servez votre s\u00e9jour<\/h3><span class=\"line-heading\"><\/span><\/div><\/div><\/div><div id=\"panel-4240-2-0-1\" class=\"widget_text so-panel widget widget_custom_html panel-last-child\" data-index=\"5\" ><div class=\"textwidget custom-html-widget\"><div class=\"quickSearch\"><\/div>\n\n<script src=\"https:\/\/scripts.resasecure.net\/serv_jScript\/webLibraries\/js\/ext\/HNEwidget.js\"><\/script>\n\n<script type=\"text\/javascript\">\n\u2003\u2003jQuery(document).ready(function () {\n\n\u2003\u2003\u2003\u2003jQuery(\".quickSearch\").HNetBOL({\n\u2003\u2003\u2003\u2003\u2003\u2003\n\t\t\thotel: 960,\n\u2003\u2003\u2003\u2003\u2003\u2003hasPromo: true,\n\u2003\u2003\u2003\u2003\u2003\u2003maxNights: 30,\n\u2003\u2003\u2003\u2003\u2003\u2003maxAdults: 5,\n\u2003\u2003\u2003\u2003\u2003\u2003maxRooms: 4,\n\u2003\u2003\u2003\u2003\u2003\u2003maxChildren: 3,\n\u2003\u2003\u2003\u2003\u2003\u2003maxChildAge: 12,\n\u2003\u2003\u2003\u2003\u2003\u2003language: \"fr\",\n\u2003\u2003\u2003\u2003\u2003\u2003forceVertical: false,\n\u2003\u2003\u2003\u2003\u2003\u2003hasBestPrice: true,\n\u2003\u2003\u2003\u2003\u2003\u2003availableDate: \"2023-4-11\",\n\u2003\u2003\u2003\u2003\u2003\u2003themeActionColor: \"#428bca\",\n\u2003\u2003\u2003\u2003\u2003\u2003themeActionTextColor: \"#555555\",\n\u2003\u2003\u2003\u2003\u2003\u2003hideBestPriceAfter: 30,\n\u2003\u2003\u2003\u2003\u2003\u2003openMode: 3,\n\u2003\u2003\u2003\u2003\u2003\u2003popupWidth: 1100,\n\u2003\u2003\u2003\u2003\u2003\u2003popupHeight: 650\n\u2003\u2003\u2003\u2003});\n\u2003\u2003});\n<\/script><\/div><\/div><\/div><\/div><\/div><div id=\"pg-4240-3\"  class=\"panel-grid panel-has-style\" ><div class=\"panel-row-style panel-row-style-for-4240-3\" ><div id=\"pgc-4240-3-0\"  class=\"panel-grid-cell\" ><div id=\"panel-4240-3-0-0\" class=\"so-panel widget widget_heading panel-first-child\" data-index=\"6\" ><div class=\"thim-widget-heading thim-widget-heading-base template-base\"><div class=\"sc-heading article_heading wrapper-line-heading\"><h3 class=\"heading__primary\">Hotel Lo Scirocco<\/h3><p class=\"heading__secondary\">Ile d\u2019Elbe<\/p><span class=\"line-heading\"><\/span><\/div><\/div><\/div><div id=\"panel-4240-3-0-1\" class=\"so-panel widget widget_empty-space\" data-index=\"7\" ><div class=\"thim-widget-empty-space thim-widget-empty-space-base template-base\"><div class=\"empty_space\" style=\"height:30px\"><\/div><\/div><\/div><div id=\"panel-4240-3-0-2\" class=\"so-panel widget widget_sow-editor\" data-index=\"8\" ><div\n\t\t\t\n\t\t\tclass=\"so-widget-sow-editor so-widget-sow-editor-base\"\n\t\t\t\n\t\t>\n<div class=\"siteorigin-widget-tinymce textwidget\">\n\t<p>L'H\u00f4tel Lo Scirocco de l\u2019Ile d\u2019Elbe se situe sur la c\u00f4te occidentale de l\u2019\u00eele. L'H\u00f4tel, qui offre \u00e9galement une formule Bed &amp; Breakfast, fait face \u00e0 la c\u00e9l\u00e8bre baie de Fetovaia avec ses deux splendides terrasses et son solarium. L\u2019h\u00f4tel ne se trouve qu\u2019\u00e0 150 m\u00e8tres seulement de la baie de Fetovaia qui est l\u2019une des plages les plus appr\u00e9ci\u00e9es de l\u2019Ile d\u2019Elbe. Le village touristique de Fetovaia est le lieu de vill\u00e9giature id\u00e9al pour des vacances familiales ou sportives car il garantit un climat doux m\u00eame en basse saison, gr\u00e2ce \u00e0 son exposition plein sud.<\/p>\n<\/div>\n<\/div><\/div><div id=\"panel-4240-3-0-3\" class=\"so-panel widget widget_sow-editor\" data-index=\"9\" ><div\n\t\t\t\n\t\t\tclass=\"so-widget-sow-editor so-widget-sow-editor-base\"\n\t\t\t\n\t\t>\n<div class=\"siteorigin-widget-tinymce textwidget\">\n\t<p>L'H\u00f4tel Lo Scirocco dispose d\u2019un espace bar ext\u00e9rieur et d\u2019une salle de r\u00e9union parfaite pour organiser tout type de r\u00e9ceptions. Une cuisine soign\u00e9e proposant aux clients une carte de plats locaux ou internationaux \u00e0 base de poissons frais principalement: des recettes typiques telles que le cacciucco et des grillades de poissons. L\u2019h\u00f4tel offre \u00e0 ses h\u00f4tes tous les conforts et services n\u00e9cessaires pour rendre leur s\u00e9jour agr\u00e9able et relaxant sur l\u2019Ile d\u2019Elbe. Les chambres sont meubl\u00e9es dans un go\u00fbt moderne et toutes dot\u00e9es des \u00e9quipements h\u00f4teliers les plus modernes tels que l\u2019air climatis\u00e9 et le chauffage ind\u00e9pendants, Tv satellitaire, ligne de t\u00e9l\u00e9phone directe, coffre-fort, mini frigo gratuit sur demande, connexion internet wifi, salle de bain avec cabine de douche et s\u00e8che-cheveux. Toutes les chambres poss\u00e8dent \u00e9galement leur propre balcon ou terrasse.<\/p>\n<\/div>\n<\/div><\/div><div id=\"panel-4240-3-0-4\" class=\"so-panel widget widget_sow-editor panel-last-child\" data-index=\"10\" ><div\n\t\t\t\n\t\t\tclass=\"so-widget-sow-editor so-widget-sow-editor-base\"\n\t\t\t\n\t\t>\n<div class=\"siteorigin-widget-tinymce textwidget\">\n\t<p>Parmi les services fournis, l\u2019h\u00f4tel met \u00e0 disposition de ses h\u00f4tes un parking priv\u00e9 couvert. L'H\u00f4tel a par ailleurs pass\u00e9 convention avec divers fournisseurs de services dans le but d\u2019offrir \u00e0 ses h\u00f4tes des vacances paisibles sur l\u2019Ile d\u2019Elbe.<br \/>\nConventionn\u00e9 avec des plagistes, \u00e9tablissements baln\u00e9aires et autres fournisseurs de services, l\u2019h\u00f4tel offre \u00e0 ses clients des excursions guid\u00e9es, et gratuites pendant les p\u00e9riodes de basse saison, dans le Parc National de l\u2019Archipel Toscan. <\/p>\n<\/div>\n<\/div><\/div><\/div><\/div><\/div><div id=\"pg-4240-4\"  class=\"panel-grid panel-has-style\" ><div class=\"thim-bg-overlay siteorigin-panels-stretch article__parallax panel-row-style panel-row-style-for-4240-4\" data-stretch-type=\"full\" ><div id=\"pgc-4240-4-0\"  class=\"panel-grid-cell\" ><div id=\"panel-4240-4-0-0\" class=\"so-panel widget widget_sow-editor panel-first-child panel-last-child\" data-index=\"11\" ><div class=\"panel-widget-style panel-widget-style-for-4240-4-0-0\" ><div\n\t\t\t\n\t\t\tclass=\"so-widget-sow-editor so-widget-sow-editor-base\"\n\t\t\t\n\t\t>\n<div class=\"siteorigin-widget-tinymce textwidget\">\n\t<\/div>\n<\/div><\/div><\/div><\/div><\/div><\/div><div id=\"pg-4240-5\"  class=\"panel-grid panel-has-style\" ><div class=\"panel-row-style panel-row-style-for-4240-5\" ><div id=\"pgc-4240-5-0\"  class=\"panel-grid-cell\" ><div id=\"panel-4240-5-0-0\" class=\"so-panel widget widget_sow-editor panel-first-child panel-last-child\" data-index=\"12\" ><div class=\"panel-widget-style panel-widget-style-for-4240-5-0-0\" ><div\n\t\t\t\n\t\t\tclass=\"so-widget-sow-editor so-widget-sow-editor-base\"\n\t\t\t\n\t\t><h3 class=\"widget-title\">Offres et Last Minute<\/h3>\n<div class=\"siteorigin-widget-tinymce textwidget\">\n\t<p>Pour le moment il n'y a pas d'offres.<\/p>\n<\/div>\n<\/div><\/div><\/div><\/div><\/div><\/div><\/div>","protected":false},"excerpt":{"rendered":"<p>HOTEL LO SCIROCCO Les chambresLes chambres de l&rsquo;H\u00f4tel Scirocco se divisent en quatre cat\u00e9gories, Standard, avec vue sur mer, Comfort et Superior.Les servicesNotre structure h\u00f4teli\u00e8re met tous ses services \u00e0 disposition des clients pour leur offrir un s\u00e9jour en h\u00f4tel \u00e0 l\u2019Ile d\u2019Elbe agr\u00e9able.La plageFetovaia est l\u2019une des plus belles plages d\u2019Italie et de loin [&hellip;]<\/p>\n","protected":false},"author":1,"featured_media":0,"parent":0,"menu_order":0,"comment_status":"open","ping_status":"closed","template":"page-templates\/homepage.php","meta":{"footnotes":""},"class_list":["post-4240","page","type-page","status-publish","hentry"],"_links":{"self":[{"href":"https:\/\/www.hotellosciroccoisoladelba.it\/fr\/wp-json\/wp\/v2\/pages\/4240","targetHints":{"allow":["GET"]}}],"collection":[{"href":"https:\/\/www.hotellosciroccoisoladelba.it\/fr\/wp-json\/wp\/v2\/pages"}],"about":[{"href":"https:\/\/www.hotellosciroccoisoladelba.it\/fr\/wp-json\/wp\/v2\/types\/page"}],"author":[{"embeddable":true,"href":"https:\/\/www.hotellosciroccoisoladelba.it\/fr\/wp-json\/wp\/v2\/users\/1"}],"replies":[{"embeddable":true,"href":"https:\/\/www.hotellosciroccoisoladelba.it\/fr\/wp-json\/wp\/v2\/comments?post=4240"}],"version-history":[{"count":8,"href":"https:\/\/www.hotellosciroccoisoladelba.it\/fr\/wp-json\/wp\/v2\/pages\/4240\/revisions"}],"predecessor-version":[{"id":5336,"href":"https:\/\/www.hotellosciroccoisoladelba.it\/fr\/wp-json\/wp\/v2\/pages\/4240\/revisions\/5336"}],"wp:attachment":[{"href":"https:\/\/www.hotellosciroccoisoladelba.it\/fr\/wp-json\/wp\/v2\/media?parent=4240"}],"curies":[{"name":"wp","href":"https:\/\/api.w.org\/{rel}","templated":true}]}}