{"id":4220,"date":"2019-10-24T16:44:52","date_gmt":"2019-10-24T14:44:52","guid":{"rendered":"http:\/\/www.hotellosciroccoisoladelba.it\/dove-siamo\/"},"modified":"2021-05-21T11:08:48","modified_gmt":"2021-05-21T09:08:48","slug":"ou-nous-sommes","status":"publish","type":"page","link":"https:\/\/www.hotellosciroccoisoladelba.it\/fr\/ou-nous-sommes\/","title":{"rendered":"O\u00f9 nous sommes"},"content":{"rendered":"<div id=\"pl-4220\"  class=\"panel-layout\" ><div id=\"pg-4220-0\"  class=\"panel-grid panel-no-style\" ><div id=\"pgc-4220-0-0\"  class=\"panel-grid-cell\" ><div id=\"panel-4220-0-0-0\" class=\"so-panel widget widget_heading panel-first-child panel-last-child\" data-index=\"0\" ><div class=\"thim-widget-heading thim-widget-heading-base template-base\"><div class=\"sc-heading article_heading wrapper-line-heading\"><h3 class=\"heading__primary\">O\u00f9 nous sommes<\/h3><span class=\"line-heading\"><\/span><\/div><\/div><\/div><\/div><\/div><div id=\"pg-4220-1\"  class=\"panel-grid panel-no-style\" ><div id=\"pgc-4220-1-0\"  class=\"panel-grid-cell\" ><div id=\"panel-4220-1-0-0\" class=\"so-panel widget widget_sow-editor panel-first-child\" data-index=\"1\" ><div\n\t\t\t\n\t\t\tclass=\"so-widget-sow-editor so-widget-sow-editor-base\"\n\t\t\t\n\t\t>\n<div class=\"siteorigin-widget-tinymce textwidget\">\n\t<p>L'H\u00f4tel Lo Scirocco se trouve \u00e0 Fetovaia le long de la route qui conduit \u00e0 la plage, 150 m seulement la s\u00e9parent de la plage.<\/p>\n<\/div>\n<\/div><\/div><div id=\"panel-4220-1-0-1\" class=\"so-panel widget widget_sow-editor panel-last-child\" data-index=\"2\" ><div\n\t\t\t\n\t\t\tclass=\"so-widget-sow-editor so-widget-sow-editor-base\"\n\t\t\t\n\t\t><h3 class=\"widget-title\">Comment rejoindre l'h\u00f4tel<\/h3>\n<div class=\"siteorigin-widget-tinymce textwidget\">\n\t<p>Une fois atteint le Port de Piombino, il est n\u00e9cessaire d\u2019embarquer sur un ferry qui vous am\u00e8nera en une heure au Port de Portoferraio, chef lieu de l\u2019Ile d\u2019Elbe.<\/p>\n<\/div>\n<\/div><\/div><\/div><div id=\"pgc-4220-1-1\"  class=\"panel-grid-cell\" ><div id=\"panel-4220-1-1-0\" class=\"widget_text so-panel widget widget_custom_html panel-first-child panel-last-child\" data-index=\"3\" ><div class=\"textwidget custom-html-widget\"><p>\n\t<a href=\"https:\/\/www.skylinewebcams.com\/it\/webcam\/italia\/toscana\/isola-elba\/fetovaia.html\" target=\"_blank\"><img decoding=\"async\" src=\"https:\/\/embed.skylinewebcams.com\/img\/1693.jpg\" alt=\"Webcam Isola d'Elba - Fetovaia\"><\/a>\n<\/p>\n<h6 style=\"text-align:center;\">\n\t<i>Our Webcam on Fetovaia<\/i>\n<\/h6><\/div><\/div><\/div><\/div><div id=\"pg-4220-2\"  class=\"panel-grid panel-no-style\" ><div id=\"pgc-4220-2-0\"  class=\"panel-grid-cell\" ><div id=\"panel-4220-2-0-0\" class=\"so-panel widget widget_sow-editor panel-first-child\" data-index=\"4\" ><div\n\t\t\t\n\t\t\tclass=\"so-widget-sow-editor so-widget-sow-editor-base\"\n\t\t\t\n\t\t>\n<div class=\"siteorigin-widget-tinymce textwidget\">\n\t<p>A votre d\u00e9barquement \u00e0 Portoferraio, suivez les indications pour Procchio. Une fois arriv\u00e9s au village de Procchio, prenez \u00e0 gauche au carrefour en direction de Marina di Campo et continuez ainsi sur environ 4 km. Vous passerez dans la petite localit\u00e9 de La Pila o\u00f9 se trouve l\u2019a\u00e9roport et une fois arriv\u00e9s \u00e0 l\u2019entr\u00e9e du village, prenez la direction de Cavoli - Seccheto - Fetovaia.<\/p>\n<\/div>\n<\/div><\/div><div id=\"panel-4220-2-0-1\" class=\"so-panel widget widget_sow-editor panel-last-child\" data-index=\"5\" ><div\n\t\t\t\n\t\t\tclass=\"so-widget-sow-editor so-widget-sow-editor-base\"\n\t\t\t\n\t\t>\n<div class=\"siteorigin-widget-tinymce textwidget\">\n\t<p>Fetovaia est \u00e0 environ 27 km de Portoferraio et 10 km de Marina di Campo. En alternative, vous pouvez rejoindre Fetovaia en passant par la route ouest qui, en partant de Procchio passe par Marciana Marina, Marciana, Sant'Andrea, Patresi, Chiessi et Pomonte, mais ce parcours, bien qu\u2019offrant un beau paysage, est plus long et surtout tr\u00e8s pentu.<\/p>\n<\/div>\n<\/div><\/div><\/div><\/div><div id=\"pg-4220-3\"  class=\"panel-grid panel-has-style\" ><div class=\"siteorigin-panels-stretch thim-fix-stretched panel-row-style panel-row-style-for-4220-3\" data-stretch-type=\"full-stretched\" ><div id=\"pgc-4220-3-0\"  class=\"panel-grid-cell\" ><div id=\"panel-4220-3-0-0\" class=\"so-panel widget widget_google-map panel-first-child panel-last-child\" data-index=\"6\" ><div class=\"thim-widget-google-map thim-widget-google-map-base template-base\">\t<div class=\"kcf-module\">\n\t\t<div\n\t\t\tclass=\"ob-google-map-canvas\"\n\t\t\tstyle=\"height:480px;\"\n\t\t\tid=\"ob-map-canvas-1c6416b9eba70af6e8a817afa88efda4\"\n\t\t\t\t\t\t\t\t\t\t\t\tdata-display_by=\"address\"\t\t\t\t\t\t\t\t\t\t\t\t\t\t\t\tdata-lat=\"41.868626\"\t\t\t\t\t\t\t\t\t\t\t\t\t\t\t\tdata-lng=\"-74.104301\"\t\t\t\t\t\t\t\t\t\t\t\t\t\t\t\tdata-address=\"Loc. Fetovaia 84\"\t\t\t\t\t\t\t\t\t\t\t\t\t\t\t\tdata-zoom=\"12\"\t\t\t\t\t\t\t\t\t\t\t\t\t\t\t\tdata-scroll-zoom=\"1\"\t\t\t\t\t\t\t\t\t\t\t\t\t\t\t\t\t\t\t\t\t\t\tdata-marker-icon=\"https:\/\/www.hotellosciroccoisoladelba.it\/wp-content\/uploads\/2019\/10\/marker.png\"\t\t\t\t\t\t\t\t\t\t\t\t\t\t\t\tdata-marker-at-center=\"1\"\t\t\t\t\t\t\t\t\t\t\t\t\t\t\t\tdata-marker-positions=\"false\"\t\t\t\t\t\t\t\t\t\t\t\t\t\t\t\tdata-google-map-api=\"AIzaSyBTS-lmtQ2NR13FaElPeSfJM-gH-TLASZA\"\t\t\t\t\t\t\t\t\t\t><\/div>\n\t<\/div>\n\t\n<\/div><\/div><\/div><\/div><\/div><\/div>","protected":false},"excerpt":{"rendered":"<p>L&rsquo;H\u00f4tel Lo Scirocco se trouve \u00e0 Fetovaia le long de la route qui conduit \u00e0 la plage, 150 m seulement la s\u00e9parent de la plage. Une fois atteint le Port de Piombino, il est n\u00e9cessaire d\u2019embarquer sur un ferry qui vous am\u00e8nera en une heure au Port de Portoferraio, chef lieu de l\u2019Ile d\u2019Elbe.<\/p>\n","protected":false},"author":1,"featured_media":0,"parent":0,"menu_order":0,"comment_status":"closed","ping_status":"closed","template":"","meta":{"footnotes":""},"class_list":["post-4220","page","type-page","status-publish","hentry"],"_links":{"self":[{"href":"https:\/\/www.hotellosciroccoisoladelba.it\/fr\/wp-json\/wp\/v2\/pages\/4220","targetHints":{"allow":["GET"]}}],"collection":[{"href":"https:\/\/www.hotellosciroccoisoladelba.it\/fr\/wp-json\/wp\/v2\/pages"}],"about":[{"href":"https:\/\/www.hotellosciroccoisoladelba.it\/fr\/wp-json\/wp\/v2\/types\/page"}],"author":[{"embeddable":true,"href":"https:\/\/www.hotellosciroccoisoladelba.it\/fr\/wp-json\/wp\/v2\/users\/1"}],"replies":[{"embeddable":true,"href":"https:\/\/www.hotellosciroccoisoladelba.it\/fr\/wp-json\/wp\/v2\/comments?post=4220"}],"version-history":[{"count":5,"href":"https:\/\/www.hotellosciroccoisoladelba.it\/fr\/wp-json\/wp\/v2\/pages\/4220\/revisions"}],"predecessor-version":[{"id":4698,"href":"https:\/\/www.hotellosciroccoisoladelba.it\/fr\/wp-json\/wp\/v2\/pages\/4220\/revisions\/4698"}],"wp:attachment":[{"href":"https:\/\/www.hotellosciroccoisoladelba.it\/fr\/wp-json\/wp\/v2\/media?parent=4220"}],"curies":[{"name":"wp","href":"https:\/\/api.w.org\/{rel}","templated":true}]}}