{"id":4320,"date":"2019-07-01T08:44:20","date_gmt":"2019-07-01T06:44:20","guid":{"rendered":"http:\/\/www.hotellosciroccoisoladelba.it\/servizi\/"},"modified":"2025-05-12T12:19:12","modified_gmt":"2025-05-12T10:19:12","slug":"dienstleistungen","status":"publish","type":"page","link":"https:\/\/www.hotellosciroccoisoladelba.it\/de\/dienstleistungen\/","title":{"rendered":"Dienstleistungen"},"content":{"rendered":"<div id=\"pl-4320\"  class=\"panel-layout\" ><div id=\"pg-4320-0\"  class=\"panel-grid panel-no-style\" ><div id=\"pgc-4320-0-0\"  class=\"panel-grid-cell\" ><div id=\"panel-4320-0-0-0\" class=\"so-panel widget widget_heading panel-first-child\" data-index=\"0\" ><div class=\"thim-widget-heading thim-widget-heading-base template-base\"><div class=\"sc-heading article_heading wrapper-line-heading\"><h3 class=\"heading__primary\">Unsere Leistungen<\/h3><span class=\"line-heading\"><\/span><\/div><\/div><\/div><div id=\"panel-4320-0-0-1\" class=\"so-panel widget widget_empty-space\" data-index=\"1\" ><div class=\"thim-widget-empty-space thim-widget-empty-space-base template-base\"><div class=\"empty_space\" style=\"height:30px\"><\/div><\/div><\/div><div id=\"panel-4320-0-0-2\" class=\"so-panel widget widget_sow-editor\" data-index=\"2\" ><div\n\t\t\t\n\t\t\tclass=\"so-widget-sow-editor so-widget-sow-editor-base\"\n\t\t\t\n\t\t>\n<div class=\"siteorigin-widget-tinymce textwidget\">\n\t<p>Das Hotel Lo Scirocco steht zu Ihrer Verf\u00fcgung, um Ihren Urlaub auf der Insel Elba unvergesslich zu machen. Unser Hotel bietet allen seinen G\u00e4sten diverse Dienstleistungen, um Ihnen einen sch\u00f6nen Aufenthalt auf der Insel Elba zu erm\u00f6glichen.<\/p>\n<\/div>\n<\/div><\/div><div id=\"panel-4320-0-0-3\" class=\"so-panel widget widget_sow-editor panel-last-child\" data-index=\"3\" ><div\n\t\t\t\n\t\t\tclass=\"so-widget-sow-editor so-widget-sow-editor-base\"\n\t\t\t\n\t\t>\n<div class=\"siteorigin-widget-tinymce textwidget\">\n\t<p>Das Hotel bietet kostenfreie \u00fcberdachte Parkpl\u00e4tze, Fahrr\u00e4der, Internet-Service via WLAN, Garten mit Bar und Platz f\u00fcr Veranstaltungen, Bar, Spielplatz f\u00fcr Kinder.<\/p>\n<\/div>\n<\/div><\/div><\/div><\/div><div id=\"pg-4320-1\"  class=\"panel-grid panel-no-style\" ><div id=\"pgc-4320-1-0\"  class=\"panel-grid-cell\" ><div id=\"panel-4320-1-0-0\" class=\"so-panel widget widget_sow-image panel-first-child panel-last-child\" data-index=\"4\" ><div\n\t\t\t\n\t\t\tclass=\"so-widget-sow-image so-widget-sow-image-default-8b5b6f678277-4320\"\n\t\t\t\n\t\t>\n<div class=\"sow-image-container\">\n\t\t<img \n\tsrc=\"https:\/\/www.hotellosciroccoisoladelba.it\/wp-content\/uploads\/2019\/11\/mg_1713_8223272739_o.jpg\" width=\"900\" height=\"600\" srcset=\"https:\/\/www.hotellosciroccoisoladelba.it\/wp-content\/uploads\/2019\/11\/mg_1713_8223272739_o.jpg 900w, https:\/\/www.hotellosciroccoisoladelba.it\/wp-content\/uploads\/2019\/11\/mg_1713_8223272739_o-300x200.jpg 300w, https:\/\/www.hotellosciroccoisoladelba.it\/wp-content\/uploads\/2019\/11\/mg_1713_8223272739_o-768x512.jpg 768w, https:\/\/www.hotellosciroccoisoladelba.it\/wp-content\/uploads\/2019\/11\/mg_1713_8223272739_o-272x182.jpg 272w\" sizes=\"(max-width: 900px) 100vw, 900px\" title=\"_mg_1713_8223272739_o\" alt=\"\" \t\tclass=\"so-widget-image\"\/>\n\t<\/div>\n\n<\/div><\/div><\/div><div id=\"pgc-4320-1-1\"  class=\"panel-grid-cell\" ><div id=\"panel-4320-1-1-0\" class=\"so-panel widget widget_sow-image panel-first-child panel-last-child\" data-index=\"5\" ><div\n\t\t\t\n\t\t\tclass=\"so-widget-sow-image so-widget-sow-image-default-8b5b6f678277-4320\"\n\t\t\t\n\t\t>\n<div class=\"sow-image-container\">\n\t\t<img \n\tsrc=\"https:\/\/www.hotellosciroccoisoladelba.it\/wp-content\/uploads\/2019\/11\/img_2289_8223242655_o.jpg\" width=\"900\" height=\"600\" srcset=\"https:\/\/www.hotellosciroccoisoladelba.it\/wp-content\/uploads\/2019\/11\/img_2289_8223242655_o.jpg 900w, https:\/\/www.hotellosciroccoisoladelba.it\/wp-content\/uploads\/2019\/11\/img_2289_8223242655_o-300x200.jpg 300w, https:\/\/www.hotellosciroccoisoladelba.it\/wp-content\/uploads\/2019\/11\/img_2289_8223242655_o-768x512.jpg 768w, https:\/\/www.hotellosciroccoisoladelba.it\/wp-content\/uploads\/2019\/11\/img_2289_8223242655_o-272x182.jpg 272w\" sizes=\"(max-width: 900px) 100vw, 900px\" alt=\"\" \t\tclass=\"so-widget-image\"\/>\n\t<\/div>\n\n<\/div><\/div><\/div><\/div><div id=\"pg-4320-2\"  class=\"panel-grid panel-no-style\" ><div id=\"pgc-4320-2-0\"  class=\"panel-grid-cell\" ><div id=\"panel-4320-2-0-0\" class=\"so-panel widget widget_sow-editor panel-first-child\" data-index=\"6\" ><div\n\t\t\t\n\t\t\tclass=\"so-widget-sow-editor so-widget-sow-editor-base\"\n\t\t\t\n\t\t>\n<div class=\"siteorigin-widget-tinymce textwidget\">\n\t<p>Unsere Zimmer sind mit Satelliten-Farbfernseher, Klimaanlage, Safe, Direktwahltelefon und gratis Wi-Fi ausgestattet.<\/p>\n<\/div>\n<\/div><\/div><div id=\"panel-4320-2-0-1\" class=\"so-panel widget widget_sow-editor\" data-index=\"7\" ><div\n\t\t\t\n\t\t\tclass=\"so-widget-sow-editor so-widget-sow-editor-base\"\n\t\t\t\n\t\t>\n<div class=\"siteorigin-widget-tinymce textwidget\">\n\t<p>Die G\u00e4ste des Hotels Lo Scirocco bekommen Rabatt im Strandbad und f\u00fcr den Strandservice. F\u00fcr diejenigen, die Abenteuer und Outdoor-Sportarten m\u00f6gen, gibt es kundenspezifische Pakete und spezielle Arrangements mit denen Sie die Wunder der Insel entdecken k\u00f6nnen. Machen Sie eine gef\u00fchrte Tour im Nationalpark des Toskanischen Archipels oder einem Besuch der Insel Pianosa.<\/p>\n<\/div>\n<\/div><\/div><div id=\"panel-4320-2-0-2\" class=\"so-panel widget widget_sow-editor panel-last-child\" data-index=\"8\" ><div\n\t\t\t\n\t\t\tclass=\"so-widget-sow-editor so-widget-sow-editor-base\"\n\t\t\t\n\t\t>\n<div class=\"siteorigin-widget-tinymce textwidget\">\n\t<p>F\u00fcr spezielle W\u00fcnsche kontaktieren Sie uns bitte.<\/p>\n<\/div>\n<\/div><\/div><\/div><\/div><div id=\"pg-4320-3\"  class=\"panel-grid panel-no-style\" ><div id=\"pgc-4320-3-0\"  class=\"panel-grid-cell\" ><div id=\"panel-4320-3-0-0\" class=\"so-panel widget widget_sow-image panel-first-child panel-last-child\" data-index=\"9\" ><div\n\t\t\t\n\t\t\tclass=\"so-widget-sow-image so-widget-sow-image-default-8b5b6f678277-4320\"\n\t\t\t\n\t\t>\n<div class=\"sow-image-container\">\n\t\t<img \n\tsrc=\"https:\/\/www.hotellosciroccoisoladelba.it\/wp-content\/uploads\/2019\/11\/img_2284_8224319296_o.jpg\" width=\"900\" height=\"600\" srcset=\"https:\/\/www.hotellosciroccoisoladelba.it\/wp-content\/uploads\/2019\/11\/img_2284_8224319296_o.jpg 900w, https:\/\/www.hotellosciroccoisoladelba.it\/wp-content\/uploads\/2019\/11\/img_2284_8224319296_o-300x200.jpg 300w, https:\/\/www.hotellosciroccoisoladelba.it\/wp-content\/uploads\/2019\/11\/img_2284_8224319296_o-768x512.jpg 768w, https:\/\/www.hotellosciroccoisoladelba.it\/wp-content\/uploads\/2019\/11\/img_2284_8224319296_o-272x182.jpg 272w\" sizes=\"(max-width: 900px) 100vw, 900px\" alt=\"\" \t\tclass=\"so-widget-image\"\/>\n\t<\/div>\n\n<\/div><\/div><\/div><div id=\"pgc-4320-3-1\"  class=\"panel-grid-cell\" ><div id=\"panel-4320-3-1-0\" class=\"so-panel widget widget_sow-image panel-first-child panel-last-child\" data-index=\"10\" ><div\n\t\t\t\n\t\t\tclass=\"so-widget-sow-image so-widget-sow-image-default-8b5b6f678277-4320\"\n\t\t\t\n\t\t>\n<div class=\"sow-image-container\">\n\t\t<img \n\tsrc=\"https:\/\/www.hotellosciroccoisoladelba.it\/wp-content\/uploads\/2019\/11\/hotel_lo_scirocco-6.jpg\" width=\"1920\" height=\"1280\" srcset=\"https:\/\/www.hotellosciroccoisoladelba.it\/wp-content\/uploads\/2019\/11\/hotel_lo_scirocco-6.jpg 1920w, https:\/\/www.hotellosciroccoisoladelba.it\/wp-content\/uploads\/2019\/11\/hotel_lo_scirocco-6-300x200.jpg 300w, https:\/\/www.hotellosciroccoisoladelba.it\/wp-content\/uploads\/2019\/11\/hotel_lo_scirocco-6-768x512.jpg 768w, https:\/\/www.hotellosciroccoisoladelba.it\/wp-content\/uploads\/2019\/11\/hotel_lo_scirocco-6-1024x683.jpg 1024w, https:\/\/www.hotellosciroccoisoladelba.it\/wp-content\/uploads\/2019\/11\/hotel_lo_scirocco-6-272x182.jpg 272w\" sizes=\"(max-width: 1920px) 100vw, 1920px\" alt=\"\" \t\tclass=\"so-widget-image\"\/>\n\t<\/div>\n\n<\/div><\/div><\/div><\/div><div id=\"pg-4320-4\"  class=\"panel-grid panel-no-style\" ><div id=\"pgc-4320-4-0\"  class=\"panel-grid-cell\" ><div id=\"panel-4320-4-0-0\" class=\"so-panel widget widget_sow-image panel-first-child\" data-index=\"11\" ><div\n\t\t\t\n\t\t\tclass=\"so-widget-sow-image so-widget-sow-image-default-15be6fc1a39e-4320\"\n\t\t\t\n\t\t>\n<div class=\"sow-image-container\">\n\t\t<img \n\tsrc=\"https:\/\/www.hotellosciroccoisoladelba.it\/wp-content\/uploads\/2019\/07\/hotel.png\" width=\"64\" height=\"64\" sizes=\"(max-width: 64px) 100vw, 64px\" title=\"Hotel-Dienstleistungen\" alt=\"\" \t\tclass=\"so-widget-image\"\/>\n\t<\/div>\n\n<h3 class=\"widget-title\">Hotel-Dienstleistungen<\/h3><\/div><\/div><div id=\"panel-4320-4-0-1\" class=\"so-panel widget widget_sow-editor panel-last-child\" data-index=\"12\" ><div\n\t\t\t\n\t\t\tclass=\"so-widget-sow-editor so-widget-sow-editor-base\"\n\t\t\t\n\t\t>\n<div class=\"siteorigin-widget-tinymce textwidget\">\n\t<ul>\n<li>Private \u00fcberdachte Parkpl\u00e4tze<\/li>\n<li>Bike Lagerung<\/li>\n<li>Bar mit Sonnendeck<\/li>\n<li>Garten mit Bar (Garden Bar von Juni bis August)<\/li>\n<li>Saal f\u00fcr Veranstaltungen<\/li>\n<li>Terrasse mit Sonnendeck<\/li>\n<li>Spielplatz f\u00fcr Kinder<\/li>\n<li>Depot<\/li>\n<li>Lift<\/li>\n<li>Kostenloser Internet-Point<\/li>\n<li>Kreditkarten werden akzeptiert (Visa - Master Card - Debitkarte - Pago ATM)<\/li>\n<li>Haustiere sind auf Anfrage erlaubt<\/li>\n<li>F\u00e4hren-Buchung<\/li>\n<\/ul>\n<\/div>\n<\/div><\/div><\/div><div id=\"pgc-4320-4-1\"  class=\"panel-grid-cell\" ><div id=\"panel-4320-4-1-0\" class=\"so-panel widget widget_sow-image panel-first-child\" data-index=\"13\" ><div\n\t\t\t\n\t\t\tclass=\"so-widget-sow-image so-widget-sow-image-default-15be6fc1a39e-4320\"\n\t\t\t\n\t\t>\n<div class=\"sow-image-container\">\n\t\t<img \n\tsrc=\"https:\/\/www.hotellosciroccoisoladelba.it\/wp-content\/uploads\/2019\/07\/bed.png\" width=\"64\" height=\"64\" sizes=\"(max-width: 64px) 100vw, 64px\" title=\"Zimmer-Dienstleistungen\" alt=\"\" \t\tclass=\"so-widget-image\"\/>\n\t<\/div>\n\n<h3 class=\"widget-title\">Zimmer-Dienstleistungen<\/h3><\/div><\/div><div id=\"panel-4320-4-1-1\" class=\"so-panel widget widget_sow-editor panel-last-child\" data-index=\"14\" ><div\n\t\t\t\n\t\t\tclass=\"so-widget-sow-editor so-widget-sow-editor-base\"\n\t\t\t\n\t\t>\n<div class=\"siteorigin-widget-tinymce textwidget\">\n\t<ul>\n<li>Haartrockner<\/li>\n<li>Satelliten-TV<\/li>\n<li>Individuell regulierbare Klimaanlage<\/li>\n<li>Heizung<\/li>\n<li>Direktwahl-Telefon<\/li>\n<li>LCD TV (Superior Room)<\/li>\n<li>Balkon \/ Terrasse<\/li>\n<\/ul>\n<\/div>\n<\/div><\/div><\/div><div id=\"pgc-4320-4-2\"  class=\"panel-grid-cell\" ><div id=\"panel-4320-4-2-0\" class=\"so-panel widget widget_sow-image panel-first-child\" data-index=\"15\" ><div\n\t\t\t\n\t\t\tclass=\"so-widget-sow-image so-widget-sow-image-default-15be6fc1a39e-4320\"\n\t\t\t\n\t\t>\n<div class=\"sow-image-container\">\n\t\t<img \n\tsrc=\"https:\/\/www.hotellosciroccoisoladelba.it\/wp-content\/uploads\/2019\/07\/sun-umbrella.png\" width=\"64\" height=\"64\" sizes=\"(max-width: 64px) 100vw, 64px\" title=\"Rabatte\" alt=\"\" \t\tclass=\"so-widget-image\"\/>\n\t<\/div>\n\n<h3 class=\"widget-title\">Rabatte<\/h3><\/div><\/div><div id=\"panel-4320-4-2-1\" class=\"so-panel widget widget_sow-editor panel-last-child\" data-index=\"16\" ><div\n\t\t\t\n\t\t\tclass=\"so-widget-sow-editor so-widget-sow-editor-base\"\n\t\t\t\n\t\t>\n<div class=\"siteorigin-widget-tinymce textwidget\">\n\t<ul>\n<li>Badeanstalt in Fetovaia<\/li>\n<li>Badeanstalt in Cavoli<\/li>\n<li>Beach Bar mit Self Service \"il Convio\" in Cavoli<\/li>\n<li>F\u00fchrungen durch den Park<\/li>\n<li>F\u00fchrungen<\/li>\n<li>Bootsfahrten<\/li>\n<li>Diving Center<\/li>\n<\/ul>\n<\/div>\n<\/div><\/div><\/div><\/div><\/div>","protected":false},"excerpt":{"rendered":"<p>Das Hotel Lo Scirocco steht zu Ihrer Verf\u00fcgung, um Ihren Urlaub auf der Insel Elba unvergesslich zu machen. Unser Hotel bietet allen seinen G\u00e4sten diverse Dienstleistungen, um Ihnen einen sch\u00f6nen Aufenthalt auf der Insel Elba zu erm\u00f6glichen. Das Hotel bietet kostenfreie \u00fcberdachte Parkpl\u00e4tze, Fahrr\u00e4der, Internet-Service via WLAN, Garten mit Bar und Platz f\u00fcr Veranstaltungen, Bar, [&hellip;]<\/p>\n","protected":false},"author":2,"featured_media":0,"parent":0,"menu_order":0,"comment_status":"closed","ping_status":"closed","template":"","meta":{"footnotes":""},"class_list":["post-4320","page","type-page","status-publish","hentry"],"_links":{"self":[{"href":"https:\/\/www.hotellosciroccoisoladelba.it\/de\/wp-json\/wp\/v2\/pages\/4320","targetHints":{"allow":["GET"]}}],"collection":[{"href":"https:\/\/www.hotellosciroccoisoladelba.it\/de\/wp-json\/wp\/v2\/pages"}],"about":[{"href":"https:\/\/www.hotellosciroccoisoladelba.it\/de\/wp-json\/wp\/v2\/types\/page"}],"author":[{"embeddable":true,"href":"https:\/\/www.hotellosciroccoisoladelba.it\/de\/wp-json\/wp\/v2\/users\/2"}],"replies":[{"embeddable":true,"href":"https:\/\/www.hotellosciroccoisoladelba.it\/de\/wp-json\/wp\/v2\/comments?post=4320"}],"version-history":[{"count":6,"href":"https:\/\/www.hotellosciroccoisoladelba.it\/de\/wp-json\/wp\/v2\/pages\/4320\/revisions"}],"predecessor-version":[{"id":5031,"href":"https:\/\/www.hotellosciroccoisoladelba.it\/de\/wp-json\/wp\/v2\/pages\/4320\/revisions\/5031"}],"wp:attachment":[{"href":"https:\/\/www.hotellosciroccoisoladelba.it\/de\/wp-json\/wp\/v2\/media?parent=4320"}],"curies":[{"name":"wp","href":"https:\/\/api.w.org\/{rel}","templated":true}]}}