{"id":4307,"date":"2015-09-23T09:43:08","date_gmt":"2015-09-23T07:43:08","guid":{"rendered":"http:\/\/www.hotellosciroccoisoladelba.it\/home\/"},"modified":"2025-08-14T14:48:59","modified_gmt":"2025-08-14T12:48:59","slug":"home","status":"publish","type":"page","link":"https:\/\/www.hotellosciroccoisoladelba.it\/de\/","title":{"rendered":"Home"},"content":{"rendered":"<div id=\"pl-4307\"  class=\"panel-layout\" ><div id=\"pg-4307-0\"  class=\"panel-grid panel-has-style\" ><div class=\"siteorigin-panels-stretch thim-fix-stretched panel-row-style panel-row-style-for-4307-0\" data-stretch-type=\"full-width-stretch\" ><div id=\"pgc-4307-0-0\"  class=\"panel-grid-cell\" ><div id=\"panel-4307-0-0-0\" class=\"so-panel widget widget_sow-editor panel-first-child panel-last-child\" data-index=\"0\" ><div\n\t\t\t\n\t\t\tclass=\"so-widget-sow-editor so-widget-sow-editor-base\"\n\t\t\t\n\t\t>\n<div class=\"siteorigin-widget-tinymce textwidget\">\n\t\n\t\t\t<!-- START Slider  Video 01 REVOLUTION SLIDER 6.7.35 --><p class=\"rs-p-wp-fix\"><\/p>\n\t\t\t<rs-module-wrap id=\"rev_slider_4_1_wrapper\" data-source=\"gallery\" style=\"visibility:hidden;background:transparent;padding:0;margin:0px auto;margin-top:0;margin-bottom:0;\">\n\t\t\t\t<rs-module id=\"rev_slider_4_1\" style=\"\" data-version=\"6.7.35\">\n\t\t\t\t\t<rs-slides style=\"overflow: hidden; position: absolute;\">\n\t\t\t\t\t\t<rs-slide style=\"position: absolute;\" data-key=\"rs-35\" data-title=\"Slide\" data-in=\"o:0;\" data-out=\"a:false;\">\n\t\t\t\t\t\t\t<img decoding=\"async\" src=\"\/\/www.hotellosciroccoisoladelba.it\/wp-content\/plugins\/revslider\/sr6\/assets\/assets\/dummy.png\" alt=\"Slide\" title=\"Home\" class=\"rev-slidebg tp-rs-img rs-lazyload\" data-lazyload=\"\/\/www.hotellosciroccoisoladelba.it\/wp-content\/plugins\/revslider\/sr6\/assets\/assets\/transparent.png\" data-no-retina>\n<!--\n\t\t\t\t\t\t\t--><rs-layer\n\t\t\t\t\t\t\t\tid=\"slider-4-slide-35-layer-0\" \n\t\t\t\t\t\t\t\tclass=\"rs-nolc rs-layer-video intrinsic-ignore\"\n\t\t\t\t\t\t\t\tdata-type=\"video\"\n\t\t\t\t\t\t\t\tdata-rsp_ch=\"on\"\n\t\t\t\t\t\t\t\tdata-xy=\"x:c;y:c;\"\n\t\t\t\t\t\t\t\tdata-text=\"w:normal;\"\n\t\t\t\t\t\t\t\tdata-dim=\"w:1920px;h:1080px;\"\n\t\t\t\t\t\t\t\tdata-video=\"vfc:true;vd:100;rwd:f;l:true;ptimer:false;nse:f;sav:f;afs:f;inl:f;\"\n\t\t\t\t\t\t\t\tdata-poster=\"\/\/www.hotellosciroccoisoladelba.it\/wp-content\/uploads\/revslider\/video-media\/Scirocco-2_02_35_layer.jpeg\"\n\t\t\t\t\t\t\t\tdata-mp4=\"\/\/www.hotellosciroccoisoladelba.it\/wp-content\/uploads\/2025\/05\/Scirocco-2_02.mp4\"\n\t\t\t\t\t\t\t\tdata-frame_999=\"o:0;st:w;\"\n\t\t\t\t\t\t\t\tstyle=\"z-index:5;\"\n\t\t\t\t\t\t\t>\n\t\t\t\t\t\t\t<\/rs-layer><!--\n-->\t\t\t\t\t<\/rs-slide>\n\t\t\t\t\t<\/rs-slides>\n\t\t\t\t\t<rs-static-layers><!--\n\n\t\t\t\t\t\t\t--><rs-layer\n\t\t\t\t\t\t\t\tid=\"slider-4-slide-4-layer-1\" \n\t\t\t\t\t\t\t\tclass=\"rs-layer-static\"\n\t\t\t\t\t\t\t\tdata-type=\"text\"\n\t\t\t\t\t\t\t\tdata-color=\"#ffffff\"\n\t\t\t\t\t\t\t\tdata-rsp_ch=\"on\"\n\t\t\t\t\t\t\t\tdata-xy=\"x:c;y:c;\"\n\t\t\t\t\t\t\t\tdata-text=\"w:normal;s:70;l:90;ls:1px;fw:700;a:center;\"\n\t\t\t\t\t\t\t\tdata-onslides=\"s:-1;e:-1;\"\n\t\t\t\t\t\t\t\tdata-frame_999=\"o:0;st:w;\"\n\t\t\t\t\t\t\t\tstyle=\"z-index:5;font-family:'Trebuchet MS', 'Helvetica', 'sans-serif';\"\n\t\t\t\t\t\t\t>HOTEL LO SCIROCCO \n\t\t\t\t\t\t\t<\/rs-layer><!--\n\t\t\t\t\t--><\/rs-static-layers>\n\t\t\t\t<\/rs-module>\n\t\t\t\t<script>\n\t\t\t\t\tsetREVStartSize({c: 'rev_slider_4_1',rl:[1240,1024,778,480],el:[900],gw:[1240],gh:[900],type:'hero',justify:'',layout:'fullwidth',mh:\"0\"});if (window.RS_MODULES!==undefined && window.RS_MODULES.modules!==undefined && window.RS_MODULES.modules[\"revslider41\"]!==undefined) {window.RS_MODULES.modules[\"revslider41\"].once = false;window.revapi4 = undefined;if (window.RS_MODULES.checkMinimal!==undefined) window.RS_MODULES.checkMinimal()}\n\t\t\t\t<\/script>\n\t\t\t<\/rs-module-wrap>\n\t\t\t<!-- END REVOLUTION SLIDER -->\n<\/div>\n<\/div><\/div><\/div><\/div><\/div><div id=\"pg-4307-1\"  class=\"panel-grid panel-has-style\" ><div class=\"panel-row-style panel-row-style-for-4307-1\" ><div id=\"pgc-4307-1-0\"  class=\"panel-grid-cell\" ><div id=\"panel-4307-1-0-0\" class=\"so-panel widget widget_icon-box panel-first-child panel-last-child\" data-index=\"1\" ><div class=\"thim-widget-icon-box thim-widget-icon-box-base template-base\"><div class=\"inner-box \"><div  class=\"wrapper-box-icon has_custom_image text-left  \" ><div class=\"smicon-box iconbox-top\"><div class=\"boxes-icon\" style=\"width: 370px;\"><span class=\"inner-icon\"><span class=\"icon icon-images\"><a class=\"smicon-box-link\" href=\"\/de\/zimmer\/\"><img loading=\"lazy\" decoding=\"async\" src=\"https:\/\/www.hotellosciroccoisoladelba.it\/wp-content\/uploads\/2019\/06\/hotel_lo_scirocco-14.jpg\" alt=\"hotel_lo_scirocco-14\" title=\"hotel_lo_scirocco-14\"  width=\"1920\" height=\"1280\"><\/a><\/span><\/span><\/div><div class=\"content-inner\" ><div class=\"sc-heading article_heading\"><h3 class = \"heading__primary\" ><a class=\"smicon-box-link\" href=\"\/de\/zimmer\/\">Die Zimmer<\/a><\/h3><\/div><div class=\"desc-icon-box\"><div >Die Zimmer im Hotel Lo Scirocco sind in vier Kategorien unterteilt: Standard, mit Meerblick, Comfort und Superior-Zimmer.<\/div><\/div><\/div><\/div><!--end smicon-box--><\/div><\/div><style>\n\t.smicon-read:hover{\n\t\tcolor: !important;\n\t\tbackground: !important;\n\t}\n\t.smicon-box .boxes-icon:hover{\n\t\tcolor: !important;\n\t\tborder-color: !important;\n\t\tbackground-color:  !important;\n\t}\n\t.smicon-box .boxes-icon:hover .icon i{\n\t\tcolor: !important;\n\t}\n<\/style><\/div><\/div><\/div><div id=\"pgc-4307-1-1\"  class=\"panel-grid-cell\" ><div id=\"panel-4307-1-1-0\" class=\"so-panel widget widget_icon-box panel-first-child panel-last-child\" data-index=\"2\" ><div class=\"thim-widget-icon-box thim-widget-icon-box-base template-base\"><div class=\"inner-box \"><div  class=\"wrapper-box-icon has_custom_image text-left  \" ><div class=\"smicon-box iconbox-top\"><div class=\"boxes-icon\" style=\"width: 370px;\"><span class=\"inner-icon\"><span class=\"icon icon-images\"><a class=\"smicon-box-link\" href=\"\/de\/dienstleistungen\/\"><img loading=\"lazy\" decoding=\"async\" src=\"https:\/\/www.hotellosciroccoisoladelba.it\/wp-content\/uploads\/2019\/11\/img_2289_8223242655_o.jpg\" alt=\"img_2289_8223242655_o\" title=\"img_2289_8223242655_o\"  width=\"900\" height=\"600\"><\/a><\/span><\/span><\/div><div class=\"content-inner\" ><div class=\"sc-heading article_heading\"><h3 class = \"heading__primary\" ><a class=\"smicon-box-link\" href=\"\/de\/dienstleistungen\/\">Unsere Leistungen<\/a><\/h3><\/div><div class=\"desc-icon-box\"><div >Unser Hotel bietet allen seinen G\u00e4sten diverse Dienstleistungen, um Ihnen einen sch\u00f6nen Aufenthalt auf der Insel Elba zu erm\u00f6glichen.<\/div><\/div><\/div><\/div><!--end smicon-box--><\/div><\/div><style>\n\t.smicon-read:hover{\n\t\tcolor: !important;\n\t\tbackground: !important;\n\t}\n\t.smicon-box .boxes-icon:hover{\n\t\tcolor: !important;\n\t\tborder-color: !important;\n\t\tbackground-color:  !important;\n\t}\n\t.smicon-box .boxes-icon:hover .icon i{\n\t\tcolor: !important;\n\t}\n<\/style><\/div><\/div><\/div><div id=\"pgc-4307-1-2\"  class=\"panel-grid-cell\" ><div id=\"panel-4307-1-2-0\" class=\"so-panel widget widget_icon-box panel-first-child panel-last-child\" data-index=\"3\" ><div class=\"thim-widget-icon-box thim-widget-icon-box-base template-base\"><div class=\"inner-box \"><div  class=\"wrapper-box-icon has_custom_image text-left  \" ><div class=\"smicon-box iconbox-top\"><div class=\"boxes-icon\" style=\"width: 370px;\"><span class=\"inner-icon\"><span class=\"icon icon-images\"><a class=\"smicon-box-link\" href=\"\/de\/fetovaia\/\"><img loading=\"lazy\" decoding=\"async\" src=\"https:\/\/www.hotellosciroccoisoladelba.it\/wp-content\/uploads\/2019\/10\/fetovaia_4.jpg\" alt=\"fetovaia_4\" title=\"fetovaia_4\"  width=\"1920\" height=\"1280\"><\/a><\/span><\/span><\/div><div class=\"content-inner\" ><div class=\"sc-heading article_heading\"><h3 class = \"heading__primary\" ><a class=\"smicon-box-link\" href=\"\/de\/fetovaia\/\">Der Strande<\/a><\/h3><\/div><div class=\"desc-icon-box\"><div >Fetovaia ist einer der sch\u00f6nsten Str\u00e4nde in Italien, und ist bei den Touristen einer der beliebtesten Str\u00e4nde von Elba.<\/div><\/div><\/div><\/div><!--end smicon-box--><\/div><\/div><style>\n\t.smicon-read:hover{\n\t\tcolor: !important;\n\t\tbackground: !important;\n\t}\n\t.smicon-box .boxes-icon:hover{\n\t\tcolor: !important;\n\t\tborder-color: !important;\n\t\tbackground-color:  !important;\n\t}\n\t.smicon-box .boxes-icon:hover .icon i{\n\t\tcolor: !important;\n\t}\n<\/style><\/div><\/div><\/div><\/div><\/div><div id=\"pg-4307-2\"  class=\"panel-grid panel-has-style\" ><div class=\"thim-booking-search-home-3 siteorigin-panels-stretch panel-row-style panel-row-style-for-4307-2\" data-stretch-type=\"full\" ><div id=\"pgc-4307-2-0\"  class=\"panel-grid-cell\" ><div id=\"panel-4307-2-0-0\" class=\"so-panel widget widget_heading panel-first-child\" data-index=\"4\" ><div class=\"thim-widget-heading thim-widget-heading-base template-base\"><div class=\"sc-heading article_heading wrapper-line-heading\"><h3 class=\"heading__primary\">Buchen Sie Ihren Aufenthalt<\/h3><span class=\"line-heading\"><\/span><\/div><\/div><\/div><div id=\"panel-4307-2-0-1\" class=\"widget_text so-panel widget widget_custom_html panel-last-child\" data-index=\"5\" ><div class=\"textwidget custom-html-widget\"><div class=\"quickSearch\"><\/div>\n\n<script src=\"https:\/\/scripts.resasecure.net\/serv_jScript\/webLibraries\/js\/ext\/HNEwidget.js\"><\/script>\n\n<script type=\"text\/javascript\">\n\u2003\u2003jQuery(document).ready(function () {\n\n\u2003\u2003\u2003\u2003jQuery(\".quickSearch\").HNetBOL({\n\t\t\t\n\t\t\thotel: 960,\n\u2003\u2003\u2003\u2003\u2003\u2003hasPromo: true,\n\u2003\u2003\u2003\u2003\u2003\u2003maxNights: 30,\n\u2003\u2003\u2003\u2003\u2003\u2003maxAdults: 5,\n\u2003\u2003\u2003\u2003\u2003\u2003maxRooms: 4,\n\u2003\u2003\u2003\u2003\u2003\u2003maxChildren: 3,\n\u2003\u2003\u2003\u2003\u2003\u2003maxChildAge: 12,\n\u2003\u2003\u2003\u2003\u2003\u2003language: \"de\",\n\u2003\u2003\u2003\u2003\u2003\u2003forceVertical: false,\n\u2003\u2003\u2003\u2003\u2003\u2003hasBestPrice: true,\n\u2003\u2003\u2003\u2003\u2003\u2003availableDate: \"2023-4-11\",\n\u2003\u2003\u2003\u2003\u2003\u2003themeActionColor: \"#428bca\",\n\u2003\u2003\u2003\u2003\u2003\u2003themeActionTextColor: \"#555555\",\n\u2003\u2003\u2003\u2003\u2003\u2003hideBestPriceAfter: 30,\n\u2003\u2003\u2003\u2003\u2003\u2003openMode: 3,\n\u2003\u2003\u2003\u2003\u2003\u2003popupWidth: 1100,\n\u2003\u2003\u2003\u2003\u2003\u2003popupHeight: 650\n\u2003\u2003\u2003\u2003});\n\u2003\u2003});\n<\/script><\/div><\/div><\/div><\/div><\/div><div id=\"pg-4307-3\"  class=\"panel-grid panel-has-style\" ><div class=\"panel-row-style panel-row-style-for-4307-3\" ><div id=\"pgc-4307-3-0\"  class=\"panel-grid-cell\" ><div id=\"panel-4307-3-0-0\" class=\"so-panel widget widget_heading panel-first-child\" data-index=\"6\" ><div class=\"thim-widget-heading thim-widget-heading-base template-base\"><div class=\"sc-heading article_heading wrapper-line-heading\"><h3 class=\"heading__primary\">Hotel Lo Scirocco<\/h3><p class=\"heading__secondary\">Insel Elba<\/p><span class=\"line-heading\"><\/span><\/div><\/div><\/div><div id=\"panel-4307-3-0-1\" class=\"so-panel widget widget_empty-space\" data-index=\"7\" ><div class=\"thim-widget-empty-space thim-widget-empty-space-base template-base\"><div class=\"empty_space\" style=\"height:30px\"><\/div><\/div><\/div><div id=\"panel-4307-3-0-2\" class=\"so-panel widget widget_sow-editor\" data-index=\"8\" ><div\n\t\t\t\n\t\t\tclass=\"so-widget-sow-editor so-widget-sow-editor-base\"\n\t\t\t\n\t\t>\n<div class=\"siteorigin-widget-tinymce textwidget\">\n\t<p>Das Hotel Lo Scirocco befindet sich an der westlichen K\u00fcste der Insel Elba. Das Hotel und Bed &amp; Breakfast ist mit zwei sch\u00f6nen Terrassen, mit Blick auf die ber\u00fchmte Bucht von Fetovaia, ausgestattet. Fetovaia ist einer der beliebtesten Str\u00e4nde von Elba und misst ca. 150 Meter in der L\u00e4nge. Der Ferienort Fetovaia ist ideal f\u00fcr einen Familienurlaub und Sport. Dank des Standorts im S\u00fcden der Insel profitieren Sie von einem milden Klima auch in der Nebensaison.<\/p>\n<\/div>\n<\/div><\/div><div id=\"panel-4307-3-0-3\" class=\"so-panel widget widget_sow-editor\" data-index=\"9\" ><div\n\t\t\t\n\t\t\tclass=\"so-widget-sow-editor so-widget-sow-editor-base\"\n\t\t\t\n\t\t>\n<div class=\"siteorigin-widget-tinymce textwidget\">\n\t<p>Das Hotel Lo Scirocco verf\u00fcgt \u00fcber eine Garten-Bar mit einem Saal, ideal f\u00fcr die Organisation von Veranstaltungen. Die K\u00fcche bietet den G\u00e4sten Lokale und internationale Gerichte, f\u00fcr die Fischliebhaber gibt es von der Fischsuppe bis zum gegrillten Fisch, alles was das Herz begehrt. Das Hotel bietet seinen G\u00e4sten alle Annehmlichkeiten f\u00fcr einen angenehmen und erholsamen Aufenthalt auf Elba. Die Zimmer sind nach den modernsten Hotel-Standards eingerichtet mit Klimaanlage und Heizung, Satelliten-TV, Direktwahltelefon, Safe, Mini-K\u00fchlschrank auf Anfrage kostenLos, Wi-Fi, Badezimmer mit Dusche und Haartrockner. Jedes Zimmer verf\u00fcgt \u00fcber einen eigenen Balkon oder eine Terrasse.<\/p>\n<\/div>\n<\/div><\/div><div id=\"panel-4307-3-0-4\" class=\"so-panel widget widget_sow-editor panel-last-child\" data-index=\"10\" ><div\n\t\t\t\n\t\t\tclass=\"so-widget-sow-editor so-widget-sow-editor-base\"\n\t\t\t\n\t\t>\n<div class=\"siteorigin-widget-tinymce textwidget\">\n\t<p>Das Hotel Lo Scirocco bietet den G\u00e4sten einen \u00fcberdachten Privat-Parkplatz. Ausserdem bietet es Rabatte in diversen Lokalit\u00e4ten. Zum Beispiel im Strandbad in Fetovaia, bei den F\u00fchrungen durch den Nationalpark des Toskanischen Archipels, welche sogar kostenlos sind in der Nebensaison.<\/p>\n<\/div>\n<\/div><\/div><\/div><\/div><\/div><div id=\"pg-4307-4\"  class=\"panel-grid panel-has-style\" ><div class=\"thim-bg-overlay siteorigin-panels-stretch article__parallax panel-row-style panel-row-style-for-4307-4\" data-stretch-type=\"full\" ><div id=\"pgc-4307-4-0\"  class=\"panel-grid-cell\" ><div id=\"panel-4307-4-0-0\" class=\"so-panel widget widget_sow-editor panel-first-child panel-last-child\" data-index=\"11\" ><div class=\"panel-widget-style panel-widget-style-for-4307-4-0-0\" ><div\n\t\t\t\n\t\t\tclass=\"so-widget-sow-editor so-widget-sow-editor-base\"\n\t\t\t\n\t\t>\n<div class=\"siteorigin-widget-tinymce textwidget\">\n\t<\/div>\n<\/div><\/div><\/div><\/div><\/div><\/div><div id=\"pg-4307-5\"  class=\"panel-grid panel-has-style\" ><div class=\"panel-row-style panel-row-style-for-4307-5\" ><div id=\"pgc-4307-5-0\"  class=\"panel-grid-cell\" ><div id=\"panel-4307-5-0-0\" class=\"so-panel widget widget_sow-editor panel-first-child panel-last-child\" data-index=\"12\" ><div class=\"panel-widget-style panel-widget-style-for-4307-5-0-0\" ><div\n\t\t\t\n\t\t\tclass=\"so-widget-sow-editor so-widget-sow-editor-base\"\n\t\t\t\n\t\t><h3 class=\"widget-title\">Angebote und Last Minute<\/h3>\n<div class=\"siteorigin-widget-tinymce textwidget\">\n\t<p>Im Moment gibt es keine Angebote.<\/p>\n<\/div>\n<\/div><\/div><\/div><\/div><\/div><\/div><\/div>","protected":false},"excerpt":{"rendered":"<p>HOTEL LO SCIROCCO Die ZimmerDie Zimmer im Hotel Lo Scirocco sind in vier Kategorien unterteilt: Standard, mit Meerblick, Comfort und Superior-Zimmer.Unsere LeistungenUnser Hotel bietet allen seinen G\u00e4sten diverse Dienstleistungen, um Ihnen einen sch\u00f6nen Aufenthalt auf der Insel Elba zu erm\u00f6glichen.Der StrandeFetovaia ist einer der sch\u00f6nsten Str\u00e4nde in Italien, und ist bei den Touristen einer der [&hellip;]<\/p>\n","protected":false},"author":1,"featured_media":0,"parent":0,"menu_order":0,"comment_status":"open","ping_status":"closed","template":"page-templates\/homepage.php","meta":{"footnotes":""},"class_list":["post-4307","page","type-page","status-publish","hentry"],"_links":{"self":[{"href":"https:\/\/www.hotellosciroccoisoladelba.it\/de\/wp-json\/wp\/v2\/pages\/4307","targetHints":{"allow":["GET"]}}],"collection":[{"href":"https:\/\/www.hotellosciroccoisoladelba.it\/de\/wp-json\/wp\/v2\/pages"}],"about":[{"href":"https:\/\/www.hotellosciroccoisoladelba.it\/de\/wp-json\/wp\/v2\/types\/page"}],"author":[{"embeddable":true,"href":"https:\/\/www.hotellosciroccoisoladelba.it\/de\/wp-json\/wp\/v2\/users\/1"}],"replies":[{"embeddable":true,"href":"https:\/\/www.hotellosciroccoisoladelba.it\/de\/wp-json\/wp\/v2\/comments?post=4307"}],"version-history":[{"count":6,"href":"https:\/\/www.hotellosciroccoisoladelba.it\/de\/wp-json\/wp\/v2\/pages\/4307\/revisions"}],"predecessor-version":[{"id":5337,"href":"https:\/\/www.hotellosciroccoisoladelba.it\/de\/wp-json\/wp\/v2\/pages\/4307\/revisions\/5337"}],"wp:attachment":[{"href":"https:\/\/www.hotellosciroccoisoladelba.it\/de\/wp-json\/wp\/v2\/media?parent=4307"}],"curies":[{"name":"wp","href":"https:\/\/api.w.org\/{rel}","templated":true}]}}