{"id":4295,"date":"2019-07-01T09:35:25","date_gmt":"2019-07-01T07:35:25","guid":{"rendered":"http:\/\/www.hotellosciroccoisoladelba.it\/fetovaia\/"},"modified":"2022-08-08T11:15:01","modified_gmt":"2022-08-08T09:15:01","slug":"fetovaia","status":"publish","type":"page","link":"https:\/\/www.hotellosciroccoisoladelba.it\/de\/fetovaia\/","title":{"rendered":"Fetovaia"},"content":{"rendered":"<div id=\"pl-4295\"  class=\"panel-layout\" ><div id=\"pg-4295-0\"  class=\"panel-grid panel-no-style\" ><div id=\"pgc-4295-0-0\"  class=\"panel-grid-cell\" ><div id=\"panel-4295-0-0-0\" class=\"so-panel widget widget_heading panel-first-child\" data-index=\"0\" ><div class=\"thim-widget-heading thim-widget-heading-base template-base\"><div class=\"sc-heading article_heading wrapper-line-heading\"><h3 class=\"heading__primary\">Der Strand von Fetovaia<\/h3><span class=\"line-heading\"><\/span><\/div><\/div><\/div><div id=\"panel-4295-0-0-1\" class=\"so-panel widget widget_empty-space\" data-index=\"1\" ><div class=\"thim-widget-empty-space thim-widget-empty-space-base template-base\"><div class=\"empty_space\" style=\"height:30px\"><\/div><\/div><\/div><div id=\"panel-4295-0-0-2\" class=\"so-panel widget widget_sow-editor\" data-index=\"2\" ><div\n\t\t\t\n\t\t\tclass=\"so-widget-sow-editor so-widget-sow-editor-base\"\n\t\t\t\n\t\t>\n<div class=\"siteorigin-widget-tinymce textwidget\">\n\t<p><!-- wp:heading {\"align\":\"center\"} --><\/p>\n<p><!-- \/wp:heading --><\/p>\n<p><!-- wp:paragraph --><\/p>\n<p>Der Strand von Fetovaia ist einer der sch\u00f6nsten Str\u00e4nde auf der s\u00fcd-westlichen Seite der Insel Elba. Ebenso ist er einer der beliebtesten Sandstr\u00e4nde von ganz Italien. Die Bucht wird durch eine schmale Landzunge gesch\u00fctzt, welche mit der mediteranen Macchia bewachsen ist.<\/p>\n<p><!-- \/wp:paragraph --><\/p>\n<p><!-- wp:paragraph --><\/p>\n<p><!-- \/wp:paragraph --><\/p>\n<\/div>\n<\/div><\/div><div id=\"panel-4295-0-0-3\" class=\"so-panel widget widget_sow-editor\" data-index=\"3\" ><div\n\t\t\t\n\t\t\tclass=\"so-widget-sow-editor so-widget-sow-editor-base\"\n\t\t\t\n\t\t>\n<div class=\"siteorigin-widget-tinymce textwidget\">\n\t<p>Dieser Teil der Insel und der Costa del Sole ist sicherlich der sch\u00f6nste und charakteristischste Teil der Insel Elba sowie der Lieblingsteil der meisten Touristen, die einen Urlaub auf der Insel Elba verbringen. Fetovaia ist nicht nur ideal f\u00fcr einen Familienurlaub, sondern auch f\u00fcr Gruppen und sportliche Ferien. Die Bucht bietet ein kristallklares Wasser mit einer vielf\u00e4ltigen FLora und Fauna.<\/p>\n<\/div>\n<\/div><\/div><div id=\"panel-4295-0-0-4\" class=\"so-panel widget widget_sow-editor panel-last-child\" data-index=\"4\" ><div\n\t\t\t\n\t\t\tclass=\"so-widget-sow-editor so-widget-sow-editor-base\"\n\t\t\t\n\t\t>\n<div class=\"siteorigin-widget-tinymce textwidget\">\n\t<p>Von Fetovaia aus gehen enge T\u00e4ler Richtung Monte Capanne. Dies ist der ideale Ort f\u00fcr Trekking und Klettern. Die Vegetation ist niedrig und sp\u00e4rlich, durch die S\u00fcdwestlage und den salzigen Wind. Die Landschaft scheint mehr zu den s\u00fcdlichen Breiten zu geh\u00f6ren, auf der wir in der Tat, Palmen und Bananenstauden sehen k\u00f6nnen. Diese Seite ist sehr verschieden von der Nordseite des Monte Capannes (1019 m), welche von \u00fcppigen Kastanienb\u00e4umen gepr\u00e4gt ist. Die Erkl\u00e4rung liegt wohl in der Tatsache, dass der Monte Capanne die meisten n\u00f6rdlichen Regenwolken auf der Nordseite h\u00e4lt.<\/p>\n<\/div>\n<\/div><\/div><\/div><\/div><div id=\"pg-4295-1\"  class=\"panel-grid panel-no-style\" ><div id=\"pgc-4295-1-0\"  class=\"panel-grid-cell\" ><div id=\"panel-4295-1-0-0\" class=\"so-panel widget widget_single-images panel-first-child panel-last-child\" data-index=\"5\" ><div class=\"thim-widget-single-images thim-widget-single-images-base template-base\"><div class=\"single-image left\"><img loading=\"lazy\" decoding=\"async\" width=\"1920\" height=\"1280\" src=\"https:\/\/www.hotellosciroccoisoladelba.it\/wp-content\/uploads\/2019\/10\/fetovaia_4.jpg\" class=\"attachment- size-\" alt=\"\" srcset=\"https:\/\/www.hotellosciroccoisoladelba.it\/wp-content\/uploads\/2019\/10\/fetovaia_4.jpg 1920w, https:\/\/www.hotellosciroccoisoladelba.it\/wp-content\/uploads\/2019\/10\/fetovaia_4-300x200.jpg 300w, https:\/\/www.hotellosciroccoisoladelba.it\/wp-content\/uploads\/2019\/10\/fetovaia_4-768x512.jpg 768w, https:\/\/www.hotellosciroccoisoladelba.it\/wp-content\/uploads\/2019\/10\/fetovaia_4-1024x683.jpg 1024w, https:\/\/www.hotellosciroccoisoladelba.it\/wp-content\/uploads\/2019\/10\/fetovaia_4-272x182.jpg 272w\" sizes=\"auto, (max-width: 1920px) 100vw, 1920px\" \/><\/div><\/div><\/div><\/div><div id=\"pgc-4295-1-1\"  class=\"panel-grid-cell\" ><div id=\"panel-4295-1-1-0\" class=\"so-panel widget widget_single-images panel-first-child panel-last-child\" data-index=\"6\" ><div class=\"thim-widget-single-images thim-widget-single-images-base template-base\"><div class=\"single-image left\"><img loading=\"lazy\" decoding=\"async\" width=\"1920\" height=\"1280\" src=\"https:\/\/www.hotellosciroccoisoladelba.it\/wp-content\/uploads\/2019\/11\/fetovaia_1.jpg\" class=\"attachment- size-\" alt=\"\" srcset=\"https:\/\/www.hotellosciroccoisoladelba.it\/wp-content\/uploads\/2019\/11\/fetovaia_1.jpg 1920w, https:\/\/www.hotellosciroccoisoladelba.it\/wp-content\/uploads\/2019\/11\/fetovaia_1-300x200.jpg 300w, https:\/\/www.hotellosciroccoisoladelba.it\/wp-content\/uploads\/2019\/11\/fetovaia_1-768x512.jpg 768w, https:\/\/www.hotellosciroccoisoladelba.it\/wp-content\/uploads\/2019\/11\/fetovaia_1-1024x683.jpg 1024w, https:\/\/www.hotellosciroccoisoladelba.it\/wp-content\/uploads\/2019\/11\/fetovaia_1-272x182.jpg 272w\" sizes=\"auto, (max-width: 1920px) 100vw, 1920px\" \/><\/div><\/div><\/div><\/div><\/div><div id=\"pg-4295-2\"  class=\"panel-grid panel-no-style\" ><div id=\"pgc-4295-2-0\"  class=\"panel-grid-cell\" ><div id=\"panel-4295-2-0-0\" class=\"so-panel widget widget_sow-editor panel-first-child\" data-index=\"7\" ><div\n\t\t\t\n\t\t\tclass=\"so-widget-sow-editor so-widget-sow-editor-base\"\n\t\t\t\n\t\t>\n<div class=\"siteorigin-widget-tinymce textwidget\">\n\t<p>Fetovaia ist ein charmanter Badeort mit kleinem Dorf und geh\u00f6rt zu der Gemeinde Campo nell'Elba. Es liegt weit weg von der Hektik und daher is Fetovaia ideal f\u00fcr einen erholsamen Urlaub. Fetivaia bietet keine Gesch\u00e4fte, aber f\u00fcr diejenigen, welche Abendunterhaltung und Gesch\u00e4fte wollen, ist Marina di Campo in nur 9 km zu erreichen.<\/p>\n<\/div>\n<\/div><\/div><div id=\"panel-4295-2-0-1\" class=\"so-panel widget widget_sow-editor panel-last-child\" data-index=\"8\" ><div\n\t\t\t\n\t\t\tclass=\"so-widget-sow-editor so-widget-sow-editor-base\"\n\t\t\t\n\t\t>\n<div class=\"siteorigin-widget-tinymce textwidget\">\n\t<p>Fetovaia ist einer der sch\u00f6nsten Str\u00e4nde in Italien, und ist bei den Touristen einer der beliebtesten Str\u00e4nde von Elba. Der Strand von Fetovaia besteht aus weissem Granitsand. Hier findet man auch die letzten Giglio di Mare (Pancratium Maritimum), welche gesch\u00fctzt sind.<\/p>\n<\/div>\n<\/div><\/div><\/div><\/div><div id=\"pg-4295-3\"  class=\"panel-grid panel-has-style\" ><div class=\"siteorigin-panels-stretch article__parallax thim-fix-stretched panel-row-style panel-row-style-for-4295-3\" data-stretch-type=\"full-stretched\" ><div id=\"pgc-4295-3-0\"  class=\"panel-grid-cell\" ><div id=\"panel-4295-3-0-0\" class=\"so-panel widget widget_sow-features panel-first-child panel-last-child\" data-index=\"9\" ><div\n\t\t\t\n\t\t\tclass=\"so-widget-sow-features so-widget-sow-features-default-0e0f8d436f18-4295\"\n\t\t\t\n\t\t><\/div><\/div><\/div><\/div><\/div><div id=\"pg-4295-4\"  class=\"panel-grid panel-no-style\" ><div id=\"pgc-4295-4-0\"  class=\"panel-grid-cell\" ><div id=\"panel-4295-4-0-0\" class=\"so-panel widget widget_sow-editor panel-first-child\" data-index=\"10\" ><div\n\t\t\t\n\t\t\tclass=\"so-widget-sow-editor so-widget-sow-editor-base\"\n\t\t\t\n\t\t>\n<div class=\"siteorigin-widget-tinymce textwidget\">\n\t<p>Der Sandstrand ist etwa 200 Meter lang, der flache sandige Boden ist ideal f\u00fcr Kinder und das Wasser ist kristallklar und wird nur langsam tiefer. In Fetovaia gibt es Badeanstalten mit Strandservice, aber auch freie Strandabschnitte.<\/p>\n<\/div>\n<\/div><\/div><div id=\"panel-4295-4-0-1\" class=\"so-panel widget widget_sow-editor panel-last-child\" data-index=\"11\" ><div\n\t\t\t\n\t\t\tclass=\"so-widget-sow-editor so-widget-sow-editor-base\"\n\t\t\t\n\t\t>\n<div class=\"siteorigin-widget-tinymce textwidget\">\n\t<p>Fetovaia ist ein bekannter Urlaubsort der Insel Elba und verf\u00fcgt \u00fcber eine wundersch\u00f6ne Bucht, die von einer \u00fcppigen mediterranen Landzunge gesch\u00fctzt wird. Das Meer hat wundersch\u00f6nes kristalklares Wasser und ist ideal zum Schnorcheln, Tauchen und Fischen.<\/p>\n<\/div>\n<\/div><\/div><\/div><\/div><\/div>","protected":false},"excerpt":{"rendered":"<p>Der Strand von Fetovaia ist einer der sch\u00f6nsten Str\u00e4nde auf der s\u00fcd-westlichen Seite der Insel Elba. Ebenso ist er einer der beliebtesten Sandstr\u00e4nde von ganz Italien. Die Bucht wird durch eine schmale Landzunge gesch\u00fctzt, welche mit der mediteranen Macchia bewachsen ist. Dieser Teil der Insel und der Costa del Sole ist sicherlich der sch\u00f6nste und [&hellip;]<\/p>\n","protected":false},"author":2,"featured_media":0,"parent":0,"menu_order":0,"comment_status":"closed","ping_status":"closed","template":"","meta":{"footnotes":""},"class_list":["post-4295","page","type-page","status-publish","hentry"],"_links":{"self":[{"href":"https:\/\/www.hotellosciroccoisoladelba.it\/de\/wp-json\/wp\/v2\/pages\/4295","targetHints":{"allow":["GET"]}}],"collection":[{"href":"https:\/\/www.hotellosciroccoisoladelba.it\/de\/wp-json\/wp\/v2\/pages"}],"about":[{"href":"https:\/\/www.hotellosciroccoisoladelba.it\/de\/wp-json\/wp\/v2\/types\/page"}],"author":[{"embeddable":true,"href":"https:\/\/www.hotellosciroccoisoladelba.it\/de\/wp-json\/wp\/v2\/users\/2"}],"replies":[{"embeddable":true,"href":"https:\/\/www.hotellosciroccoisoladelba.it\/de\/wp-json\/wp\/v2\/comments?post=4295"}],"version-history":[{"count":5,"href":"https:\/\/www.hotellosciroccoisoladelba.it\/de\/wp-json\/wp\/v2\/pages\/4295\/revisions"}],"predecessor-version":[{"id":4778,"href":"https:\/\/www.hotellosciroccoisoladelba.it\/de\/wp-json\/wp\/v2\/pages\/4295\/revisions\/4778"}],"wp:attachment":[{"href":"https:\/\/www.hotellosciroccoisoladelba.it\/de\/wp-json\/wp\/v2\/media?parent=4295"}],"curies":[{"name":"wp","href":"https:\/\/api.w.org\/{rel}","templated":true}]}}